{"id":7,"date":"2013-09-18T15:28:00","date_gmt":"2013-09-18T15:28:00","guid":{"rendered":"http:\/\/www.agro.uba.ar\/argentinaasia2030\/?page_id=7"},"modified":"2017-03-02T12:00:25","modified_gmt":"2017-03-02T12:00:25","slug":"programa","status":"publish","type":"page","link":"https:\/\/delsuralmundoen2030.agro.uba.ar\/?page_id=7","title":{"rendered":"Programa"},"content":{"rendered":"<aside id=\"text-4\">\n<h4><span style=\"color: #888888;\">\u00abAPOYARSE EN LA CONVERGENCIA DE INTERESES PARA CREAR UNA COMUNIDAD DE INTERESES\u201d. Zheng Bijian<\/span><\/h4>\n<\/aside>\n<aside id=\"text-5\">\n<h2>Objetivo<\/h2>\n<div>\n<p>Reflexionar acerca de los Agronegocios al 2030, junto a los mayores demandantes de alimentos a escala global y c\u00f3mo, desde Argentina, generar comunidad de intereses donde, como dice Bijian, hay convergencia de intereses.<\/p>\n<p>Junto a los expertos que vendr\u00e1n de cada pa\u00eds, importantes funcionarios p\u00fablicos y acad\u00e9micos, los empresarios argentinos compartir\u00e1n sus experiencias en Asia y los asi\u00e1ticos las suyas en Argentina.<\/p>\n<\/div>\n<\/aside>\n<h2><span style=\"color: #993366;\">D\u00eda 7 de abril &#8211; <span style=\"color: #333399;\">April 7<\/span><br \/>\n<\/span><\/h2>\n<table cellspacing=\"0\" cellpadding=\"0\">\n<tbody>\n<tr>\n<td valign=\"top\" width=\"95\"><strong>08:00 08:30<\/strong><\/td>\n<td>Inscripci\u00f3n y Recepci\u00f3n<br \/>\n<span style=\"color: #333399;\"><span style=\"color: #333399;\">Registration and Reception<\/span><\/span><\/td>\n<\/tr>\n<tr>\n<td valign=\"top\"><strong>08:30 09:15<\/strong><\/td>\n<td>Inauguraci\u00f3n oficial<br \/>\n<span style=\"color: #333399;\">Official opening<\/span><\/td>\n<\/tr>\n<tr>\n<td><\/td>\n<td>\n<ul>\n<li><span style=\"color: #000000;\"><strong>Lino Bara\u00f1ao<\/strong><\/span><br \/>\nMinistro de Ciencia, Tecnolog\u00eda e Innovaci\u00f3n Productiva de la Naci\u00f3n<br \/>\n<span style=\"color: #333399;\">Minister of\u00a0 Science, Technology and\u00a0 Productive Innovation<\/span><\/li>\n<li><span style=\"color: #000000;\"><strong>Alberto Barbieri<\/strong><\/span><br \/>\nRector de la Universidad de Buenos Aires<br \/>\n<span style=\"color: #333399;\">Rector of Buenos Aires University<\/span><\/li>\n<li><span style=\"color: #000000;\"><strong>Rodolfo Golluscio<\/strong><\/span><br \/>\nDecano Facultad de Agronom\u00eda &#8211; Universidad de Buenos Aires<br \/>\n<span style=\"color: #333399;\"><span style=\"color: #333399;\">Deam School of Agriculture<\/span><\/span> <span style=\"color: #333399;\">&#8211; Buenos Aires University<\/span><\/li>\n<\/ul>\n<\/td>\n<\/tr>\n<tr>\n<td valign=\"top\"><strong>09:15 09:30<\/strong><\/td>\n<td><span style=\"color: #000000;\"><strong>Dr. Mart\u00edn Pi\u00f1eiro<\/strong><\/span><br \/>\nCARI Consejo Argentino para las Relaciones Internacionales<br \/>\n<span style=\"color: #333399;\">CARI Argentine Council for International Relashionships<\/span><br \/>\n.<\/td>\n<\/tr>\n<tr>\n<td valign=\"top\"><strong>09:30 10:00<\/strong><\/td>\n<td><span style=\"color: #000000;\"><strong>Fernando Vilella<\/strong><\/span><br \/>\nDirector del Simposio &#8211; Facultad de Agronom\u00eda UBA<br \/>\n<span style=\"color: #333399;\">Director of the Symposium. School of Agriculture Buenos Aires University<\/span><\/td>\n<\/tr>\n<\/tbody>\n<\/table>\n<h3><span style=\"color: #993366;\">Panel China. Auspiciado por el Banco ICBC<br \/>\n<\/span><span style=\"color: #333399;\"><b>China Panel<\/b>. Sponsor Bank ICBC<br \/>\n<\/span><\/h3>\n<p><span style=\"color: #993366;\">Coordinador: Guillermo Santa Cruz<br \/>\n<span style=\"color: #333399;\">Coordinator<\/span><br \/>\n<\/span><\/p>\n<table cellspacing=\"0\" cellpadding=\"0\">\n<tbody>\n<tr>\n<td valign=\"top\" width=\"95\"><strong>10:00 10:15<\/strong><\/td>\n<td>Apertura panel China<br \/>\n<span style=\"color: #333399;\">China Panel Opening<\/span><br \/>\n.<\/td>\n<\/tr>\n<tr>\n<td colspan=\"2\">\n<h3 style=\"text-align: center;\">Oferta y Demanda &#8211; <span style=\"color: #333399;\">Supply and Demand<\/span><\/h3>\n<\/td>\n<\/tr>\n<tr>\n<td valign=\"top\"><strong>10:15 11:10<\/strong><\/td>\n<td><span style=\"color: #000000;\"><strong>LI Ninghui<\/strong><\/span><br \/>\nAcademia Nacional Ciencias Agrarias de China<br \/>\n<span style=\"color: #333399;\">China National Academy of Agricultural Sciences<br \/>\n.<br \/>\n<\/span><\/td>\n<\/tr>\n<tr>\n<td colspan=\"2\"><\/td>\n<\/tr>\n<tr>\n<td valign=\"top\"><span style=\"color: #993366;\">11:15 11:45<\/span><\/td>\n<td><span style=\"color: #993366;\">Break<br \/>\n.<br \/>\n<\/span><\/td>\n<\/tr>\n<tr>\n<td colspan=\"2\"><\/td>\n<\/tr>\n<tr>\n<td valign=\"top\"><strong>11:45 12:15<\/strong><\/td>\n<td><span style=\"color: #000000;\"><strong>Marcelo Reg\u00fanaga<\/strong><\/span><br \/>\nEx Secretario de Agricultura de la Naci\u00f3n<br \/>\n<span style=\"color: #333399;\"><span style=\"color: #333399;\">Former National Secretary of Agriculture<\/span><\/span><br \/>\n.<\/td>\n<\/tr>\n<tr>\n<td valign=\"top\"><strong>12:15 12:35<\/strong><\/td>\n<td><span style=\"color: #000000;\"><strong>Gustavo Id\u00edgoras<\/strong><\/span><br \/>\nEx Consejero Agr\u00edcola de la Argentina<br \/>\n<span style=\"color: #333399;\">Former Argentine Farm Advisor<br \/>\n.<br \/>\n<\/span><\/td>\n<\/tr>\n<tr>\n<td colspan=\"2\">\n<h3 style=\"text-align: center;\">Experiencias empresarias I\u00a0&#8211; <span style=\"color: #333399;\">Business Experiences I<\/span><\/h3>\n<\/td>\n<\/tr>\n<tr>\n<td valign=\"top\"><strong>12:35 12:55<\/strong><\/td>\n<td><span style=\"color: #000000;\"><strong>Agust\u00edn Ibarguren<br \/>\n<\/strong><\/span>Gerente de Agronegocios del Banco ICBC<br \/>\n<span style=\"color: #333399;\">Agribusiness Executive Manager ICBC Bank<\/span><br \/>\n.<\/td>\n<\/tr>\n<tr>\n<td valign=\"top\"><strong>12:55 13:15<\/strong><\/td>\n<td><span style=\"color: #000000;\"><strong>Jorge Correa<\/strong><\/span> &#8211; Nidera<br \/>\n.<\/td>\n<\/tr>\n<tr>\n<td valign=\"top\"><strong>13:15 13:35<\/strong><\/td>\n<td><span style=\"color: #000000;\"><strong>ZHAO Teng<\/strong><\/span> &#8211; COSCO<br \/>\n.<\/td>\n<\/tr>\n<tr>\n<td colspan=\"2\"><\/td>\n<\/tr>\n<tr>\n<td valign=\"top\"><span style=\"color: #993366;\">13:35 14:35<\/span><\/td>\n<td><span style=\"color: #993366;\"><span style=\"color: #993366;\">Almuerzo &#8211; <span style=\"color: #333399;\">Lunch<br \/>\n.<br \/>\n<\/span><\/span><\/span><\/td>\n<\/tr>\n<tr>\n<td colspan=\"2\"><\/td>\n<\/tr>\n<tr>\n<td colspan=\"2\">\n<h3 style=\"text-align: center;\">Comercio\u00a0&#8211;<span style=\"color: #333399;\"> Trade<\/span><\/h3>\n<\/td>\n<\/tr>\n<tr>\n<td valign=\"top\"><strong>14:35 14:55<\/strong><\/td>\n<td><span style=\"color: #000000;\"><strong>Jose Alberto Bekinschtein<\/strong><\/span> &#8211; Proargex<br \/>\n.<\/td>\n<\/tr>\n<tr>\n<td valign=\"top\"><strong>14:55 15:15<\/strong><\/td>\n<td><span style=\"color: #000000;\"><strong>Miguel Velloso<\/strong><br \/>\n<\/span>Embajador &#8211; Ex Consul en Shanghai<br \/>\n<span style=\"color: #333399;\">Ambassador &#8211; Former Consul in Shanghai<br \/>\n.<br \/>\n<\/span><\/td>\n<\/tr>\n<tr>\n<td colspan=\"2\">\n<h3 style=\"text-align: center;\">Tecnologia I &#8211; <span style=\"color: #333399;\">Technology I<\/span><\/h3>\n<\/td>\n<\/tr>\n<tr>\n<td valign=\"top\"><strong>15:15 15:35<\/strong><\/td>\n<td><span style=\"color: #000000;\"><strong>Miguel Calvo<\/strong><\/span> &#8211; ACSOJA<br \/>\n.<\/td>\n<\/tr>\n<tr>\n<td valign=\"top\"><strong>15:35 15:55<\/strong><\/td>\n<td><span style=\"color: #000000;\"><strong>Mar\u00eda Cristina A\u00f1on<\/strong><\/span><br \/>\nGrupo Binacional. Ministerio Ciencia, Tecnolog\u00eda e Innovaci\u00f3n Productiva<br \/>\n<span style=\"color: #333399;\"><span style=\"color: #333399;\">Binational Group. Ministry of Science, Technology and Pruductive Innovation<br \/>\n.<\/span><\/span><\/td>\n<\/tr>\n<tr>\n<td valign=\"top\"><strong>15:55 16:25<\/strong><\/td>\n<td><span style=\"color: #000000;\"><strong>Claudio Dunan<\/strong><\/span><br \/>\nBioceres y presentaci\u00f3n Especialidad en Bionegocios<br \/>\n<span style=\"color: #333399;\">Bioceres and Presentation of Biobusiness<br \/>\n.<br \/>\n<\/span><\/td>\n<\/tr>\n<tr>\n<td colspan=\"2\"><\/td>\n<\/tr>\n<tr>\n<td valign=\"top\"><span style=\"color: #993366;\">16:25 16:55<\/span><\/td>\n<td><span style=\"color: #993366;\">Break<br \/>\n.<br \/>\n<\/span><\/td>\n<\/tr>\n<tr>\n<td colspan=\"2\"><\/td>\n<\/tr>\n<tr>\n<td colspan=\"2\">\n<h3 style=\"text-align: center;\">Tecnologia II &#8211; <span style=\"color: #333399;\">Technology II<\/span><\/h3>\n<\/td>\n<\/tr>\n<tr>\n<td valign=\"top\"><strong>16:55 17:15<\/strong><\/td>\n<td><span style=\"color: #000000;\"><strong>Gerardo Bartolom\u00e9<\/strong><\/span> &#8211; Don Mario<br \/>\n.<\/td>\n<\/tr>\n<tr>\n<td valign=\"top\"><strong>17:15 17:35<\/strong><\/td>\n<td><span style=\"color: #000000;\"><strong>Santiago Gonz\u00e1lez Pini &#8211; <\/strong><\/span>Grupo ST &#8211; <span style=\"color: #333399;\">ST Group<br \/>\n.<br \/>\n<\/span><\/td>\n<\/tr>\n<tr>\n<td colspan=\"2\">\n<h3 style=\"text-align: center;\">Experiencias empresarias II &#8211; <span style=\"color: #333399;\">Business Experiences II<\/span><\/h3>\n<\/td>\n<\/tr>\n<tr>\n<td valign=\"top\"><strong>17:35 17:55<\/strong><\/td>\n<td><span style=\"color: #000000;\"><strong>Daniel Cors<\/strong><\/span> &#8211; Sancor<br \/>\n.<\/td>\n<\/tr>\n<tr>\n<td valign=\"top\"><strong>17:55 18:15<\/strong><\/td>\n<td><strong><span style=\"color: #000000;\">Guillermo Mattioli<\/span><\/strong> \/ <span style=\"color: #000000;\"><strong>Rodolfo Bellinzoni<\/strong> <\/span>\/ <span style=\"color: #000000;\"><strong>Esteban Turic<br \/>\n<\/strong><\/span>Biog\u00e9nesis Bag\u00f3<br \/>\n.<\/td>\n<\/tr>\n<tr>\n<td colspan=\"2\">\n<h3 style=\"text-align: center;\">Panel Especial &#8211; <span style=\"color: #333399;\">Special Panel<\/span><\/h3>\n<\/td>\n<\/tr>\n<tr>\n<td valign=\"top\"><strong>18:15 19:15<\/strong><\/td>\n<td><span style=\"color: #000000;\"><strong>Jorge Castro<\/strong><\/span> \/ <span style=\"color: #000000;\"><strong>Guillermo Santa Cruz<\/strong><\/span><\/td>\n<\/tr>\n<\/tbody>\n<\/table>\n<h2><span style=\"color: #993366;\">D\u00eda 8 de abril &#8211; <span style=\"color: #333399;\">April 8<\/span><br \/>\n<\/span><\/h2>\n<h3><span style=\"color: #993366;\">Panel Jap\u00f3n.<br \/>\n<span style=\"color: #333399;\">Japan Panel.<\/span><br \/>\n<\/span><\/h3>\n<p><span style=\"color: #993366;\">Coordinador: Ricardo Hara<br \/>\n<span style=\"color: #333399;\">Coordinator<\/span><br \/>\n<\/span><\/p>\n<table cellspacing=\"0\" cellpadding=\"0\">\n<tbody>\n<tr>\n<td valign=\"top\" width=\"95\"><strong>09:00 09:15<\/strong><\/td>\n<td><span style=\"color: #000000;\"><strong>Masashi Mizukami<br \/>\n<\/strong><\/span>Embajador de Jap\u00f3n &#8211; <span style=\"color: #333399;\"><span style=\"color: #333399;\">Japan Ambassador<br \/>\n.<\/span><\/span><\/td>\n<\/tr>\n<tr>\n<td valign=\"top\"><strong>09:15 10:15<\/strong><\/td>\n<td><span style=\"color: #000000;\"><strong>Tatsuya Shimizu<\/strong><\/span> &#8211; JETRO<br \/>\n.<\/td>\n<\/tr>\n<tr>\n<td valign=\"top\"><strong>10:15 10:55<\/strong><\/td>\n<td><span style=\"color: #000000;\"><strong>Gustavo Grobocopatel<\/strong><\/span> &#8211; Los Grobo<br \/>\n.<\/td>\n<\/tr>\n<tr>\n<td valign=\"top\"><strong>10:55 11:15<\/strong><\/td>\n<td><span style=\"color: #000000;\"><strong>Juan Usandivaras<\/strong><\/span> &#8211; Proargex<br \/>\n.<\/td>\n<\/tr>\n<tr>\n<td colspan=\"2\"><\/td>\n<\/tr>\n<tr>\n<td valign=\"top\"><span style=\"color: #993366;\">11:15 11:45<\/span><\/td>\n<td><span style=\"color: #993366;\">Break<br \/>\n.<br \/>\n<\/span><\/td>\n<\/tr>\n<tr>\n<td colspan=\"2\"><\/td>\n<\/tr>\n<tr>\n<td valign=\"top\"><strong>11:45 12:05<\/strong><\/td>\n<td><span style=\"color: #000000;\"><strong>Catalina Lonac<\/strong><\/span><br \/>\nUniversidad San Pablo-Tucum\u00e1n<br \/>\n<span style=\"color: #333399;\"><span style=\"color: #333399;\">San Pablo University \u2013Tucum\u00e1n- Argentina<\/span><\/span><br \/>\n.<\/td>\n<\/tr>\n<tr>\n<td valign=\"top\"><strong>12:05 12:25<\/strong><\/td>\n<td><span style=\"color: #000000;\"><strong>Pedro Landa<\/strong><\/span> &#8211; OIA<br \/>\n.<\/td>\n<\/tr>\n<tr>\n<td colspan=\"2\">\n<h3 style=\"text-align: center;\">Panel Especial &#8211; <span style=\"color: #333399;\">Special Panel<\/span><\/h3>\n<\/td>\n<\/tr>\n<tr>\n<td valign=\"top\"><strong>12:25 13:10<\/strong><\/td>\n<td><span style=\"color: #000000;\"><strong>Felix Pe\u00f1a<\/strong><\/span> \/ <span style=\"color: #000000;\"><strong>Ricardo Hara<\/strong><\/span><\/td>\n<\/tr>\n<tr>\n<td colspan=\"2\"><\/td>\n<\/tr>\n<tr>\n<td valign=\"top\"><span style=\"color: #993366;\">13:10 14:10<\/span><\/td>\n<td><span style=\"color: #993366;\">Almuerzo &#8211;<span style=\"color: #333399;\"> Lunch<\/span><br \/>\n<\/span><\/td>\n<\/tr>\n<\/tbody>\n<\/table>\n<h3><span style=\"color: #993366;\">Panel Corea del Sur.<br \/>\n<\/span><span style=\"color: #333399;\"><b>South Korea Panel.<\/b><\/span><\/h3>\n<p><span style=\"color: #993366;\">Coordinador: H\u00e9ctor Rosatto<br \/>\n<span style=\"color: #333399;\">Coordinator<\/span><br \/>\n<\/span><\/p>\n<table cellspacing=\"0\" cellpadding=\"0\">\n<tbody>\n<tr>\n<td valign=\"top\" width=\"95\"><strong>14:10 14:25<\/strong><\/td>\n<td><span style=\"color: #000000;\"><strong>Byung-kil Han<\/strong><\/span><br \/>\nEmbajador de Corea del Sur<br \/>\n<span style=\"color: #333399;\"><span style=\"color: #333399;\">South Korea Ambassador<\/span><\/span><br \/>\n.<\/td>\n<\/tr>\n<tr>\n<td valign=\"top\"><strong>14:25 15:25<\/strong><\/td>\n<td><span style=\"color: #000000;\"><strong>Sun Woo Choi<\/strong> <\/span>y <span style=\"color: #000000;\"><strong>Jong Jin Kim<\/strong><\/span><br \/>\nInvestigadores del Korea Rural Economic Institute<br \/>\n<span style=\"color: #333399;\">Researchers from Korea Rural Economic Institute<\/span><br \/>\n.<\/td>\n<\/tr>\n<tr>\n<td valign=\"top\"><strong>15:25 15:45<\/strong><\/td>\n<td><span style=\"color: #000000;\"><strong>Lucio Castro<\/strong><\/span> &#8211; Cippec<br \/>\n.<\/td>\n<\/tr>\n<tr>\n<td valign=\"top\"><strong>15:45 16:05<\/strong><\/td>\n<td><span style=\"color: #000000;\"><strong>C\u00e9sar Belloso<\/strong><\/span> &#8211; AAPRESID<br \/>\n.<\/td>\n<\/tr>\n<tr>\n<td colspan=\"2\">\n<h3 style=\"text-align: center;\">Panel Especial &#8211; <span style=\"color: #333399;\">Special Panel<\/span><\/h3>\n<\/td>\n<\/tr>\n<tr>\n<td valign=\"top\"><strong>16:05 16:45<\/strong><\/td>\n<td><span style=\"color: #000000;\"><strong>Dante Sica<\/strong><\/span> \/ <span style=\"color: #000000;\"><strong>H\u00e9ctor Rosatto<br \/>\n.<br \/>\n<\/strong><\/span><\/td>\n<\/tr>\n<tr>\n<td colspan=\"2\"><\/td>\n<\/tr>\n<tr>\n<td valign=\"top\"><span style=\"color: #993366;\">16:45 17:15<\/span><\/td>\n<td><span style=\"color: #993366;\"><span style=\"color: #993366;\">Break coreano \/ tailandes<br \/>\n<span style=\"color: #333399;\">Thailand \/ Korean Break<\/span><\/span><\/span><\/td>\n<\/tr>\n<tr>\n<td colspan=\"2\"><\/td>\n<\/tr>\n<\/tbody>\n<\/table>\n<h3><span style=\"color: #993366;\">Panel Tailandia.<br \/>\n<span style=\"color: #333399;\"><b>Thailand Panel.<\/b><\/span><br \/>\n<\/span><\/h3>\n<p><span style=\"color: #993366;\">Coordinador:\u00a0 Osvaldo Schvartzer<br \/>\n<span style=\"color: #333399;\">Coordinator<\/span><br \/>\n<\/span><\/p>\n<table cellspacing=\"0\" cellpadding=\"0\">\n<tbody>\n<tr>\n<td valign=\"top\" width=\"95\"><strong>17:15 17:30<\/strong><\/td>\n<td><span style=\"color: #000000;\"><strong>Medha Promthep<\/strong><\/span><br \/>\nEmbajador de Tailandia<br \/>\n<span style=\"color: #333399;\"><span style=\"color: #333399;\">Thailand Ambassador<\/span><\/span><br \/>\n.<\/td>\n<\/tr>\n<tr>\n<td valign=\"top\"><strong>17:30 18:30<\/strong><\/td>\n<td><span style=\"color: #000000;\"><strong>Tanaboon Sajjaanantakul<\/strong><\/span><br \/>\nDecano Facultad Agroindustria &#8211; Universidad de Kasetsart<br \/>\n<span style=\"color: #333399;\"><span style=\"color: #333399;\">Dean of Agroindustry Faculty &#8211; Kasetsart<\/span><\/span><br \/>\n.<\/td>\n<\/tr>\n<tr>\n<td valign=\"top\"><span style=\"color: #000000;\"><strong>18:30 18:40<\/strong><\/span><\/td>\n<td><span style=\"color: #000000;\"><strong>Rodolfo Caffaro Kramer<\/strong><\/span><br \/>\nC\u00e1mara de Comercio Mercosur-Asean<br \/>\n<span style=\"color: #333399;\">Mercosur Asean Chamber of Commerce<br \/>\n.<br \/>\n<\/span><\/td>\n<\/tr>\n<tr>\n<td colspan=\"2\">\n<h3 style=\"text-align: center;\">Panel Especial &#8211; <span style=\"color: #333399;\">Special Panel<\/span><\/h3>\n<\/td>\n<\/tr>\n<tr>\n<td valign=\"top\"><strong>18:40 19:20<\/strong><\/td>\n<td><span style=\"color: #000000;\"><strong>Marcelo Elizondo<\/strong><\/span> \/<span style=\"color: #000000;\"><strong> Osvaldo Schvartzer<\/strong><\/span><\/td>\n<\/tr>\n<\/tbody>\n<\/table>\n<h2><span style=\"color: #993366;\">D\u00eda 9 de abril &#8211; <span style=\"color: #333399;\">April 9\u00a0\u00a0<\/span><br \/>\n<\/span><\/h2>\n<h3><span style=\"color: #993366;\">Panel India.<br \/>\n<span style=\"color: #333399;\">India Panel.<\/span><br \/>\n<\/span><\/h3>\n<p><span style=\"color: #993366;\">Coordinador: Gustavo Grobocopatel<br \/>\n<span style=\"color: #333399;\">Coordinator<\/span><br \/>\n<\/span><\/p>\n<table cellspacing=\"0\" cellpadding=\"0\">\n<tbody>\n<tr>\n<td valign=\"top\" width=\"95\"><strong>08:45 10:00<\/strong><\/td>\n<td><span style=\"color: #000000;\"><strong>Rengaraj Viswanathan<\/strong><\/span><br \/>\nEx Embajador en Argentina<br \/>\n<span style=\"color: #333399;\"><span style=\"color: #333399;\">Former Ambassador to Argentina<\/span><\/span><br \/>\n.<\/td>\n<\/tr>\n<tr>\n<td valign=\"top\"><strong>10:00 10:15<\/strong><\/td>\n<td><span style=\"color: #000000;\"><strong>Amarendra Khatua<\/strong><\/span><br \/>\nEmbajador de la India<br \/>\n<span style=\"color: #333399;\"><span style=\"color: #333399;\">India Ambassador<\/span><\/span><br \/>\n.<\/td>\n<\/tr>\n<tr>\n<td valign=\"top\"><strong>10:15 10:35<\/strong><\/td>\n<td><span style=\"color: #000000;\"><strong>Horacio Sanchez Caballero<\/strong><\/span><br \/>\nGrupo de Productores del Sur GPS<br \/>\n<span style=\"color: #333399;\">GSP\u00a0 Southern Producers Group<\/span><br \/>\n.<\/td>\n<\/tr>\n<tr>\n<td valign=\"top\"><strong>10:35 11:05<\/strong><\/td>\n<td><span style=\"color: #000000;\"><strong>H\u00e9ctor Huergo<\/strong><\/span><br \/>\nClar\u00edn Rural<br \/>\n<span style=\"color: #333399;\">Rural Clar\u00edn Newspaper<br \/>\n.<br \/>\n<\/span><\/td>\n<\/tr>\n<tr>\n<td colspan=\"2\"><\/td>\n<\/tr>\n<tr>\n<td valign=\"top\"><span style=\"color: #993366;\">11:05 11:35<\/span><\/td>\n<td><span style=\"color: #993366;\">Break<br \/>\n.<br \/>\n<\/span><\/td>\n<\/tr>\n<tr>\n<td colspan=\"2\"><\/td>\n<\/tr>\n<tr>\n<td valign=\"top\"><strong>11:35 11:55<\/strong><\/td>\n<td><span style=\"color: #000000;\"><strong>Jorge Latuf<\/strong><\/span> &#8211; AACREA<br \/>\n.<\/td>\n<\/tr>\n<tr>\n<td valign=\"top\"><strong>11:55 12:15<\/strong><\/td>\n<td><strong>Carlos Castellani<\/strong> &#8211; Apache<br \/>\n.<\/td>\n<\/tr>\n<tr>\n<td valign=\"top\"><strong>12:15 12:35<\/strong><\/td>\n<td><strong>Alfredo Paseyro<\/strong><br \/>\nAsociaci\u00f3n Semilleros Argentinos ASA<br \/>\n<span style=\"color: #333399;\">ASA Association of Argentine Seed Producers<\/span><br \/>\n.<\/td>\n<\/tr>\n<tr>\n<td valign=\"top\"><strong>12:35 13:00<\/strong><\/td>\n<td><strong>Jorge Neme<\/strong><br \/>\nUCAR Unidad de Cambio Rural y PROSAP Programa deServicios Agr\u00edcolas Provinciales<br \/>\n<span style=\"color: #333399;\">UCAR Rural Change Unit and PROSAP Programme of Provincial Agricultural Services<\/span><br \/>\n<span style=\"color: #333399;\"> .<\/span><\/td>\n<\/tr>\n<tr>\n<td colspan=\"2\">\n<h3 style=\"text-align: center;\">Panel Especial &#8211; <span style=\"color: #333399;\">Special Panel<\/span><\/h3>\n<\/td>\n<\/tr>\n<tr>\n<td valign=\"top\"><strong>13:00 14:00<\/strong><\/td>\n<td><span style=\"color: #000000;\"><strong>Roberto Bisang<\/strong><\/span> \/ <span style=\"color: #000000;\"><strong>Fernando Vilella<br \/>\n.<br \/>\n<\/strong><\/span><\/td>\n<\/tr>\n<tr>\n<td colspan=\"2\"><\/td>\n<\/tr>\n<tr>\n<td valign=\"top\"><strong><span style=\"color: #993366;\">14:00 15:10<\/span><\/strong><\/td>\n<td><span style=\"color: #993366;\">Almuerzo &#8211;<span style=\"color: #333399;\"> Lunch<\/span><br \/>\n<\/span><\/td>\n<\/tr>\n<tr>\n<td colspan=\"2\"><\/td>\n<\/tr>\n<\/tbody>\n<\/table>\n<h3><span style=\"color: #993366;\">Panel Vietnam.<br \/>\n<span style=\"color: #333399;\">Vietnam Panel.<\/span><br \/>\n<\/span><\/h3>\n<p><span style=\"color: #993366;\">Coordinador: Carolina L\u00f3pez Forastier<br \/>\n<span style=\"color: #333399;\">Coordinator<\/span><br \/>\n<\/span><\/p>\n<table cellspacing=\"0\" cellpadding=\"0\">\n<tbody>\n<tr>\n<td valign=\"top\" width=\"95\"><strong>15:10 15:25<\/strong><\/td>\n<td><span style=\"color: #000000;\"><strong>Nguyen Dinh Thao<\/strong><\/span><br \/>\nEmbajador de Vietnam<br \/>\n<span style=\"color: #333399;\"><span style=\"color: #333399;\">Vietnam Ambassador<\/span><\/span><br \/>\n.<\/td>\n<\/tr>\n<tr>\n<td valign=\"top\"><strong>15:25 16:25<\/strong><\/td>\n<td><span style=\"color: #000000;\"><strong>Dang Kim Son<\/strong><\/span><br \/>\nDirector General del IPSARD Institute of Policy and Strategy forAgricultural and Rural Development<br \/>\n<span style=\"color: #333399;\">General Director of IPSARD Institute of Policy and Strategy for Agricultural and Rural Development<\/span><span style=\"color: #333399;\"><br \/>\n.<br \/>\n<\/span><\/td>\n<\/tr>\n<tr>\n<td colspan=\"2\"><\/td>\n<\/tr>\n<tr>\n<td valign=\"top\"><strong><span style=\"color: #993366;\">16:25 16:55<\/span><\/strong><\/td>\n<td><span style=\"color: #993366;\">Break<br \/>\n.<br \/>\n<\/span><\/td>\n<\/tr>\n<tr>\n<td colspan=\"2\"><\/td>\n<\/tr>\n<tr>\n<td valign=\"top\"><strong>16:55 17:15<\/strong><\/td>\n<td><span style=\"color: #000000;\"><strong>Javier Preciado Pati\u00f1o<\/strong><\/span> &#8211; Infocampo<br \/>\n.<\/td>\n<\/tr>\n<tr>\n<td valign=\"top\"><strong>17:15 17:35<\/strong><\/td>\n<td><strong>Mart\u00edn Fraguio<\/strong> &#8211; MAIZAR<br \/>\n.<\/td>\n<\/tr>\n<tr>\n<td valign=\"top\"><strong>17:35 17:55<\/strong><\/td>\n<td><span style=\"color: #000000;\"><strong>A. Kaminker<br \/>\n<\/strong><\/span>Embajador. Destino Vietnam 2008 &#8211; 2013<br \/>\n<span style=\"color: #333399;\">Ambassador to Vietnam 2008 &#8211; 2013<\/span><br \/>\n.<\/td>\n<\/tr>\n<tr>\n<td valign=\"top\"><strong>17:55 18:15<\/strong><\/td>\n<td><strong><span style=\"color: #000000;\">Roberto Urqu\u00eda<\/span><\/strong> &#8211; AGD Aceitera General Dehesa<br \/>\n.<\/td>\n<\/tr>\n<tr>\n<td colspan=\"2\">\n<h3 style=\"text-align: center;\">Panel Especial &#8211; <span style=\"color: #333399;\">Special Panel<\/span><\/h3>\n<\/td>\n<\/tr>\n<tr>\n<td valign=\"top\"><strong>18:15 19:05<\/strong><\/td>\n<td><span style=\"color: #000000;\"><strong>Juan Llach<\/strong><\/span> \/ <span style=\"color: #000000;\"><strong>Fernando Vilella<\/strong><\/span><br \/>\nIAE \/ FAUBA Facultad de Agronom\u00eda UBA<br \/>\n<span style=\"color: #333399;\">IAE \/ FAUBA School of Agriculture UBA<\/span><br \/>\n.<\/td>\n<\/tr>\n<tr>\n<td valign=\"top\"><strong>19:05<\/strong><\/td>\n<td>Cierre con Autoridades y presentaci\u00f3n de la continuidad<br \/>\n<span style=\"color: #333399;\"><span style=\"color: #333399;\">Closing session by Authorities and Presentation of fothcoming events<br \/>\n.<br \/>\n<\/span><\/span><span style=\"color: #000000;\"><strong>Rodolfo Golluscio<\/strong><\/span><br \/>\nDecano de la Facultad de Agronom\u00eda- Universidad de Buenos Aires<br \/>\n<span style=\"color: #333399;\">Deam School of Agriculture &#8211; Buenos Aires University<\/span><span style=\"color: #333399;\"><span style=\"color: #000000;\"><strong>Gabriel Delgado<\/strong> <\/span><br \/>\n<span style=\"color: #000000;\">Secretario de Agricultura, Ganader\u00eda y Pesca de la Naci\u00f3n<\/span><br \/>\n.<br \/>\n<\/span>Actuaci\u00f3n de la Orquesta de Tango del Colegio Nacional Buenos Aires dirigida por el maestro Gustavo Dinzelbacher<br \/>\n<span style=\"color: #333399;\">Tango Concert performed by Buenos Aires National School Tango Orchestra<\/span><\/td>\n<\/tr>\n<\/tbody>\n<\/table>\n","protected":false},"excerpt":{"rendered":"<p>\u00abAPOYARSE EN LA CONVERGENCIA DE INTERESES PARA CREAR UNA COMUNIDAD DE INTERESES\u201d. Zheng Bijian Objetivo Reflexionar acerca de los Agronegocios al 2030, junto a los mayores demandantes de alimentos a escala global y c\u00f3mo, desde Argentina, generar comunidad de intereses donde, como dice Bijian, hay convergencia de intereses. Junto a los expertos que vendr\u00e1n de [&hellip;]<\/p>\n","protected":false},"author":2,"featured_media":0,"parent":0,"menu_order":1,"comment_status":"closed","ping_status":"open","template":"","meta":{"footnotes":""},"categories":[],"tags":[],"_links":{"self":[{"href":"https:\/\/delsuralmundoen2030.agro.uba.ar\/index.php?rest_route=\/wp\/v2\/pages\/7"}],"collection":[{"href":"https:\/\/delsuralmundoen2030.agro.uba.ar\/index.php?rest_route=\/wp\/v2\/pages"}],"about":[{"href":"https:\/\/delsuralmundoen2030.agro.uba.ar\/index.php?rest_route=\/wp\/v2\/types\/page"}],"author":[{"embeddable":true,"href":"https:\/\/delsuralmundoen2030.agro.uba.ar\/index.php?rest_route=\/wp\/v2\/users\/2"}],"replies":[{"embeddable":true,"href":"https:\/\/delsuralmundoen2030.agro.uba.ar\/index.php?rest_route=%2Fwp%2Fv2%2Fcomments&post=7"}],"version-history":[{"count":24,"href":"https:\/\/delsuralmundoen2030.agro.uba.ar\/index.php?rest_route=\/wp\/v2\/pages\/7\/revisions"}],"predecessor-version":[{"id":2786,"href":"https:\/\/delsuralmundoen2030.agro.uba.ar\/index.php?rest_route=\/wp\/v2\/pages\/7\/revisions\/2786"}],"wp:attachment":[{"href":"https:\/\/delsuralmundoen2030.agro.uba.ar\/index.php?rest_route=%2Fwp%2Fv2%2Fmedia&parent=7"}],"wp:term":[{"taxonomy":"category","embeddable":true,"href":"https:\/\/delsuralmundoen2030.agro.uba.ar\/index.php?rest_route=%2Fwp%2Fv2%2Fcategories&post=7"},{"taxonomy":"post_tag","embeddable":true,"href":"https:\/\/delsuralmundoen2030.agro.uba.ar\/index.php?rest_route=%2Fwp%2Fv2%2Ftags&post=7"}],"curies":[{"name":"wp","href":"https:\/\/api.w.org\/{rel}","templated":true}]}}