{"id":5567,"date":"2018-04-19T13:14:28","date_gmt":"2018-04-19T13:14:28","guid":{"rendered":"http:\/\/www.agro.uba.ar\/delsuralmundoen2030\/?page_id=5567"},"modified":"2018-04-19T13:32:24","modified_gmt":"2018-04-19T13:32:24","slug":"informacion-de-prensa-5","status":"publish","type":"page","link":"https:\/\/delsuralmundoen2030.agro.uba.ar\/?page_id=5567","title":{"rendered":"Informaci\u00f3n de prensa"},"content":{"rendered":"<p>gg comunicaci\u00f3n<\/p>\n<h2><span style=\"color: #000000;\">La \u201cguerra comercial\u201d China-EE. UU., la Bioeconom\u00eda y las oportunidades comerciales que Argentina puede desarrollar para ser el supermercado del mundo<\/span><\/h2>\n<p>Fueron estos algunos de los temas del 5\u00ba Simposio del Sur al Mundo en 2030. Relaciones Internacionales y Bionegocios Sustentables, que se realiz\u00f3 el pasado lunes 9 y martes 10 de abril, en el Congreso de la Naci\u00f3n, en CABA, organizado por la C\u00e1tedra de Agronegocios y el Departamento de Bioeconom\u00eda, Prospectiva y Pol\u00edticas P\u00fablicas (BIOP3) -que dirige el Ing. Agr. Fernando Vilella- de la Facultad de Agronom\u00eda de la Universidad de Buenos Aires (FAUBA) y la C\u00e1mara de Diputados de la Naci\u00f3n.<\/p>\n<p><a href=\"http:\/\/www.agro.uba.ar\/delsuralmundoen2030\/?page_id=5569\">[lleer nota]<\/a><\/p>\n","protected":false},"excerpt":{"rendered":"<p>gg comunicaci\u00f3n La \u201cguerra comercial\u201d China-EE. UU., la Bioeconom\u00eda y las oportunidades comerciales que Argentina puede desarrollar para ser el supermercado del mundo Fueron estos algunos de los temas del 5\u00ba Simposio del Sur al Mundo en 2030. Relaciones Internacionales y Bionegocios Sustentables, que se realiz\u00f3 el pasado lunes 9 y martes 10 de abril, [&hellip;]<\/p>\n","protected":false},"author":2,"featured_media":0,"parent":0,"menu_order":0,"comment_status":"closed","ping_status":"closed","template":"","meta":{"footnotes":""},"categories":[23],"tags":[],"_links":{"self":[{"href":"https:\/\/delsuralmundoen2030.agro.uba.ar\/index.php?rest_route=\/wp\/v2\/pages\/5567"}],"collection":[{"href":"https:\/\/delsuralmundoen2030.agro.uba.ar\/index.php?rest_route=\/wp\/v2\/pages"}],"about":[{"href":"https:\/\/delsuralmundoen2030.agro.uba.ar\/index.php?rest_route=\/wp\/v2\/types\/page"}],"author":[{"embeddable":true,"href":"https:\/\/delsuralmundoen2030.agro.uba.ar\/index.php?rest_route=\/wp\/v2\/users\/2"}],"replies":[{"embeddable":true,"href":"https:\/\/delsuralmundoen2030.agro.uba.ar\/index.php?rest_route=%2Fwp%2Fv2%2Fcomments&post=5567"}],"version-history":[{"count":2,"href":"https:\/\/delsuralmundoen2030.agro.uba.ar\/index.php?rest_route=\/wp\/v2\/pages\/5567\/revisions"}],"predecessor-version":[{"id":5572,"href":"https:\/\/delsuralmundoen2030.agro.uba.ar\/index.php?rest_route=\/wp\/v2\/pages\/5567\/revisions\/5572"}],"wp:attachment":[{"href":"https:\/\/delsuralmundoen2030.agro.uba.ar\/index.php?rest_route=%2Fwp%2Fv2%2Fmedia&parent=5567"}],"wp:term":[{"taxonomy":"category","embeddable":true,"href":"https:\/\/delsuralmundoen2030.agro.uba.ar\/index.php?rest_route=%2Fwp%2Fv2%2Fcategories&post=5567"},{"taxonomy":"post_tag","embeddable":true,"href":"https:\/\/delsuralmundoen2030.agro.uba.ar\/index.php?rest_route=%2Fwp%2Fv2%2Ftags&post=5567"}],"curies":[{"name":"wp","href":"https:\/\/api.w.org\/{rel}","templated":true}]}}