{"id":5486,"date":"2018-03-06T14:51:46","date_gmt":"2018-03-06T14:51:46","guid":{"rendered":"http:\/\/www.agro.uba.ar\/delsuralmundoen2030\/?page_id=5486"},"modified":"2018-04-09T15:20:45","modified_gmt":"2018-04-09T15:20:45","slug":"programa-en-construccion-3","status":"publish","type":"page","link":"https:\/\/delsuralmundoen2030.agro.uba.ar\/?page_id=5486","title":{"rendered":"Programa"},"content":{"rendered":"<h1><span style=\"color: #000000;\"><strong>9\u00a0de abril<\/strong><\/span><\/h1>\n<p><span style=\"color: #99cc00;\"><strong>Lugar: Sala 2 \u2013 Anexo C. Av. Rivadavia 1841<\/strong><\/span><\/p>\n<table style=\"width: 100%;\">\n<tbody>\n<tr>\n<td style=\"width: 200px; vertical-align: top;\"><strong>08:00\u00a0 a 9:00 horas\u00a0<\/strong><\/td>\n<td style=\"vertical-align: top;\">Inscripci\u00f3n<\/td>\n<\/tr>\n<tr>\n<td style=\"width: 200px; vertical-align: top;\"><strong>09:00\u00a0 a 10:00 horas\u00a0<\/strong><\/td>\n<td style=\"vertical-align: top;\">\n<h2><span style=\"color: #3366ff;\">Inauguraci\u00f3n<\/span><\/h2>\n<ul>\n<li>Vicepresidente segundo de la HCDN,<strong> DN Luis Petri<\/strong><\/li>\n<li>Ministro de Agroindustria de la Provincia de Bs. As., <strong>Leonardo Sarquis<\/strong><\/li>\n<li>Vicerrector de la Universidad de Buenos Aires <strong>Dr. Juan Pablo M\u00e1s V\u00e9lez<\/strong><\/li>\n<\/ul>\n<\/td>\n<\/tr>\n<tr>\n<td style=\"width: 200px; vertical-align: top;\"><strong>10:00 a 10:45 horas <\/strong><\/td>\n<td style=\"vertical-align: top;\">\n<h2><span style=\"color: #3366ff;\">Relaciones Internacionales y Bionegocios Sustentables<\/span><\/h2>\n<ul>\n<li>Presentaci\u00f3n del Director del Simposio y del Departamento de Bioeconom\u00eda, Prospectiva y Pol\u00edticas P\u00fablicas (BIOP3), de la FAUBA <strong>Ing. Agr.<\/strong> <strong>Fernando Vilella<\/strong><\/li>\n<\/ul>\n<\/td>\n<\/tr>\n<tr>\n<td style=\"width: 200px; vertical-align: top;\"><strong>10:45 a 11:30 horas<\/strong><\/td>\n<td style=\"vertical-align: top;\"><strong>Coordinador: <\/strong>Director General de Relaciones Internacionales de la HCDN,<strong> Dr. Juan de Dios Cincunegui<\/strong><\/p>\n<p><strong>Disertantes:<\/strong>\u00a0Presidente Electo de IFAMA (Asociaci\u00f3n Internacional de Gesti\u00f3n\u00a0 de Alimentos y Agronegocios), <strong>H\u00e9ctor Laurence<\/strong>: \u2018\u2018Presentaci\u00f3n del Congreso IFAMA 2018 en Buenos Aires\u2019\u2019<\/td>\n<\/tr>\n<tr>\n<td style=\"width: 200px; vertical-align: top;\"><\/td>\n<td style=\"vertical-align: top;\"><\/td>\n<\/tr>\n<tr>\n<td style=\"width: 200px; vertical-align: top;\"><strong>12:00 a 12:40 horas<\/strong><\/td>\n<td style=\"vertical-align: top;\">\n<h2>Panel 1:\u00a0<span style=\"color: #3366ff;\">Mercosur &#8211; Uni\u00f3n Europea. Visi\u00f3n Nacional<\/span><\/h2>\n<ul>\n<li><strong>Coordinador:<\/strong> Vicepresidente segundo de la HCDN, <strong>DN Luis Petri <\/strong><\/li>\n<\/ul>\n<p><strong>Disertante:<\/strong><\/p>\n<ul>\n<li>Subsecretario de Comercio Exterior de la Naci\u00f3n, <strong>Shunko Rojas<\/strong><\/li>\n<li>Secretario de Relaciones Econ\u00f3micas Internacionales,<strong> Min. Horacio Reyser Travers <\/strong><\/li>\n<\/ul>\n<\/td>\n<\/tr>\n<tr>\n<td style=\"width: 200px; background-color: #eeeeee; vertical-align: top;\"><strong>13:00 a 15:00 horas<\/strong><\/td>\n<td style=\"background-color: #eeeeee; vertical-align: top;\">Almuerzo libre<\/td>\n<\/tr>\n<tr>\n<td style=\"width: 200px; vertical-align: top;\"><strong>15:00 a 16:10 horas<\/strong><\/td>\n<td style=\"vertical-align: top;\">\n<h2>Panel 2:\u00a0<span style=\"color: #3366ff;\">C\u00e1mara MERCOSUR-ASEAN<\/span><\/h2>\n<ul>\n<li><strong>Moderador:<\/strong> Consolaci\u00f3n Ota\u00f1o<\/li>\n<\/ul>\n<p><strong>Disertantes:<\/strong><\/p>\n<ul>\n<li><strong>Rodolfo Caffaro Kramer<\/strong> &#8211; <strong>Piet Verdult<\/strong><\/li>\n<li>Consejera Comercial de la Embajada de Vietnam,\u00a0<strong>Trang Pham Hong<\/strong><\/li>\n<\/ul>\n<\/td>\n<\/tr>\n<tr>\n<td style=\"width: 200px; vertical-align: top;\"><strong>16:10 a 17:30 horas<\/strong><\/td>\n<td style=\"vertical-align: top;\">\n<h2>Panel 3:\u00a0<span style=\"color: #3366ff;\">Mercosur y Alianza del Pac\u00edfico<\/span><\/h2>\n<ul>\n<li><strong>Moderador:<\/strong> Andr\u00e9s Grassi<\/li>\n<\/ul>\n<p><strong>Disertantes: <\/strong><\/p>\n<ul>\n<li>Embajador de Colombia en Argentina, <strong>Luis Fernando Londo\u00f1o Capurro<\/strong><\/li>\n<li>Representante Embajada de Per\u00fa en Argentina (a confirmar)<\/li>\n<li><strong>Pablo Elverdin <\/strong>(GPS)<\/li>\n<\/ul>\n<\/td>\n<\/tr>\n<tr>\n<td style=\"width: 200px; background-color: #eeeeee; vertical-align: top;\"><strong>17:30 a 18:00\u00a0 horas<\/strong><\/td>\n<td style=\"background-color: #eeeeee; vertical-align: top;\">Coffee break<\/td>\n<\/tr>\n<tr>\n<td style=\"width: 200px; vertical-align: top;\"><strong>18:00 a 19:00\u00a0 horas<\/strong><\/td>\n<td style=\"vertical-align: top;\">\n<h2>Panel 4:\u00a0<span style=\"color: #3366ff;\">Tecnolog\u00edas del Siglo XXI<\/span><\/h2>\n<ul>\n<li><strong>Coordinador:<\/strong> <strong>DN Marcelo Wechler<\/strong><\/li>\n<\/ul>\n<p><strong>Disertantes: <\/strong><\/p>\n<ul>\n<li>Director en Rofex. Presidente y Director Ejecutivo\u00a0 de Primary Ventures, <strong>Ignacio Plaza<\/strong><\/li>\n<li>Director de S4, <strong>Santiago Venzano<\/strong><\/li>\n<li>STAMM BIO, <strong>Juan Francisco Llamazares Begh<\/strong><\/li>\n<\/ul>\n<\/td>\n<\/tr>\n<\/tbody>\n<\/table>\n<p>&nbsp;<\/p>\n<hr \/>\n<hr \/>\n<h1><strong>10 de abril<\/strong><\/h1>\n<h4><span style=\"color: #99cc00;\"><strong>Lugar: <\/strong>Sal\u00f3n de los Pasos Perdidos Av. Rivadavia 1864\u00a0<\/span><\/h4>\n<table style=\"width: 100%;\">\n<tbody>\n<tr>\n<td style=\"width: 200px; vertical-align: top;\"><strong>09:00 a 10:00 horas <\/strong><\/td>\n<td style=\"vertical-align: top;\">\n<h2>Panel 5:\u00a0<span style=\"color: #3366ff;\">Macroeconom\u00eda y Financiamiento<\/span><\/h2>\n<ul>\n<li><strong>Coordinador:<\/strong> Portfolio Manager en Balanz Capital y profesor de la Maestr\u00eda en Finanzas de la Universidad Torcuato Di Tella, <strong>Andr\u00e9s Vilella Weisz<\/strong><\/li>\n<\/ul>\n<p><strong>Disertantes:<\/strong><\/p>\n<ul>\n<li>Estudio EcoGo, <strong>Federico Guriase<\/strong><\/li>\n<li>Consultor, <strong>Alfonso Ruiz Gui\u00f1az\u00fa <\/strong><\/li>\n<li>Delphos Investment,<strong> Leonardo Chialva<\/strong><\/li>\n<\/ul>\n<\/td>\n<\/tr>\n<tr>\n<td style=\"vertical-align: top;\"><strong>10:00 a 11:30 horas <\/strong><\/td>\n<td style=\"vertical-align: top;\">\n<h2>Panel 6:\u00a0<span style=\"color: #3366ff;\">Un Collar y una ruta. Impacto de China y su proyecto estrat\u00e9gico<\/span><\/h2>\n<ul>\n<li><strong>Coordinadora:<\/strong> <strong>Carola Ramon Berjano<\/strong> (CARI)<\/li>\n<\/ul>\n<p><strong>Disertantes:<\/strong><\/p>\n<ul>\n<li><strong>Carola Ramon Berjano<\/strong> (CARI)<\/li>\n<li>Miembro del Grupo China del CARI,<strong> Guillermo Santa Cruz<\/strong><\/li>\n<li>MRECyC, <strong>Erika Imhoff<\/strong><\/li>\n<li>Representante de la Embajada de la Rep\u00fablica Popular China en la Argentina,\u00a0 (a confirmar)<\/li>\n<\/ul>\n<\/td>\n<\/tr>\n<tr>\n<td style=\"vertical-align: top;\"><strong>11:30\u00a0a 12:10 horas<\/strong><\/p>\n<p>&nbsp;<\/td>\n<td style=\"vertical-align: top;\">\n<h2><span style=\"color: #3366ff;\">Reuni\u00f3n del G20 en Argentina<\/span><\/h2>\n<ul>\n<li><strong>Coordinador: <\/strong>Presentaci\u00f3n del Director del Simposio y del Departamento de Bioeconom\u00eda, Prospectiva y Pol\u00edticas P\u00fablicas (BIOP3), de la FAUBA, <strong>Fernando Vilella<\/strong><\/li>\n<\/ul>\n<p><strong>Disertantes:\u00a0<\/strong><\/p>\n<ul>\n<li>Director del Instituto de Comercio Internacional de la Fundaci\u00f3n ICBC,<strong> Felix Pe\u00f1a<\/strong><\/li>\n<li>Presidente del Instituto de Planeamiento Estrat\u00e9gico, Analista Internacional, Periodista y Docente,<strong> Jorge Castro<\/strong><\/li>\n<\/ul>\n<\/td>\n<\/tr>\n<tr>\n<td style=\"vertical-align: top;\"><strong>12:10 a 13:00 horas<\/strong><\/td>\n<td style=\"vertical-align: top;\">\n<h2>Panel 7: <span style=\"color: #3366ff;\">Bionegocios Sustentables<\/span><\/h2>\n<ul>\n<li><strong>Coordinador:<\/strong> Graciela Gonzalez<\/li>\n<\/ul>\n<p><strong>Disertantes:<\/strong><\/p>\n<ul>\n<li>Director de Estrategia del Grupo Bioceres,<strong> Claudio Dunan<\/strong><\/li>\n<li>Presidente de Aapresid y productor agropecuario,<strong> Pedro Vigneau<\/strong><\/li>\n<li>Director de Contenidos del Hub Rural del Grupo Clar\u00edn,<\/li>\n<li>Presidente de la Asociaci\u00f3n Argentina de Biocombustibles e Hidr\u00f3geno, <strong>H\u00e9ctor Huergo <\/strong><\/li>\n<li>Subsecretario de Calidad Agroalimentaria y Uso Agropecuario de\u00a0 los Recursos Naturales del Ministerio de Agroindustria de la Prov. de Buenos Aires,<strong> Sergio Robert<\/strong><\/li>\n<\/ul>\n<\/td>\n<\/tr>\n<tr>\n<td style=\"background-color: #eeeeee; vertical-align: top;\"><strong>13:00 a 14:00 horas <\/strong><\/td>\n<td style=\"background-color: #eeeeee; vertical-align: top;\">Almuerzo (libre)<\/td>\n<\/tr>\n<tr>\n<td style=\"vertical-align: top;\"><strong>14:00 a 15:50 horas <\/strong><\/td>\n<td style=\"vertical-align: top;\">\n<h2>Panel 8: <span style=\"color: #3366ff;\">Geopol\u00edtica\u00a0 de los Alimentos<\/span><\/h2>\n<ul>\n<li><strong>Coordinador:<\/strong> Ana Mar\u00eda di Giulio<\/li>\n<\/ul>\n<p><strong>Disertantes:<\/strong><\/p>\n<ul>\n<li>Vicepresidente primero de la Comisi\u00f3n de Agricultura y Ganader\u00eda de la HCDN, <strong>DN Luis Eugenio Basterra<\/strong><\/li>\n<li>Presidente de la Consultora ORAE G\u00e9opolitique e\u00a0 Investigador en la Universidad de Par\u00eds 8 y la Universidad de Burdeos, Francia,<strong> Oliver Antonie<\/strong><\/li>\n<li>Asesor de Gabinete de la Secretaria de Comercio\u00a0 Internacional del MRECYC de Argentina,<strong> Miguel Velloso<\/strong><\/li>\n<li>Especialista en Relaciones Internacionales y Estudios Estrat\u00e9gicos de la Universidad Torcuato Di Tella, <strong> Mariano Turzi<\/strong><\/li>\n<li>Gerente de Marketing e Internacional de Exponenciar\/Aliment.AR,<strong> Emilia Willians<\/strong><\/li>\n<\/ul>\n<\/td>\n<\/tr>\n<tr>\n<td style=\"vertical-align: top;\"><strong>15:50 a 16:20 horas <\/strong><\/td>\n<td style=\"vertical-align: top;\">Disertaci\u00f3n fundador, CEO y accionista del Grupo Insud, conjunto de empresas de capitales argentinos dedicadas a las industrias, <strong>Dr Hugo Sigman<\/strong><\/td>\n<\/tr>\n<tr>\n<td style=\"vertical-align: top;\"><strong>16:20 a 17:00 horas <\/strong><\/td>\n<td style=\"vertical-align: top;\">\n<h2><span style=\"color: #ff0000;\">Acto de cierre del Simposio\u00a0<\/span><\/h2>\n<ul>\n<li>Presidenta de la Comisi\u00f3n de Relaciones Exteriores y Culto de la HCDN,<strong> DN Cornelia Schmidt-Liermann<\/strong><\/li>\n<li>Responsable de la Asesor\u00eda Parlamentaria Cient\u00edfica y Tecnol\u00f3gica de la HCDN, <strong>Jos\u00e9 Luis Pati\u00f1o<\/strong><\/li>\n<li>Secretario de Planeamiento y Pol\u00edticas en Ciencia, Tecnolog\u00eda e Innovaci\u00f3n Productiva, <strong>Ing. Jorge Mariano Aguado<\/strong><\/li>\n<li>Decana de la Facultad de Agronom\u00eda de la UBA, <strong>Ing. Agr.\u00a0 Marcela Edith Gally<\/strong><\/li>\n<li>Subsecretario de Relaciones Institucionales y Diplomacia P\u00fablica del Ministerio de Relaciones Exteriores y Culto de la Naci\u00f3n, <strong>Emb. Tom\u00e1s Kroyer<\/strong><\/li>\n<\/ul>\n<\/td>\n<\/tr>\n<\/tbody>\n<\/table>\n","protected":false},"excerpt":{"rendered":"<p>9\u00a0de abril Lugar: Sala 2 \u2013 Anexo C. Av. Rivadavia 1841 08:00\u00a0 a 9:00 horas\u00a0 Inscripci\u00f3n 09:00\u00a0 a 10:00 horas\u00a0 Inauguraci\u00f3n Vicepresidente segundo de la HCDN, DN Luis Petri Ministro de Agroindustria de la Provincia de Bs. As., Leonardo Sarquis Vicerrector de la Universidad de Buenos Aires Dr. Juan Pablo M\u00e1s V\u00e9lez 10:00 a 10:45 [&hellip;]<\/p>\n","protected":false},"author":2,"featured_media":0,"parent":0,"menu_order":0,"comment_status":"closed","ping_status":"closed","template":"","meta":{"footnotes":""},"categories":[23],"tags":[],"_links":{"self":[{"href":"https:\/\/delsuralmundoen2030.agro.uba.ar\/index.php?rest_route=\/wp\/v2\/pages\/5486"}],"collection":[{"href":"https:\/\/delsuralmundoen2030.agro.uba.ar\/index.php?rest_route=\/wp\/v2\/pages"}],"about":[{"href":"https:\/\/delsuralmundoen2030.agro.uba.ar\/index.php?rest_route=\/wp\/v2\/types\/page"}],"author":[{"embeddable":true,"href":"https:\/\/delsuralmundoen2030.agro.uba.ar\/index.php?rest_route=\/wp\/v2\/users\/2"}],"replies":[{"embeddable":true,"href":"https:\/\/delsuralmundoen2030.agro.uba.ar\/index.php?rest_route=%2Fwp%2Fv2%2Fcomments&post=5486"}],"version-history":[{"count":12,"href":"https:\/\/delsuralmundoen2030.agro.uba.ar\/index.php?rest_route=\/wp\/v2\/pages\/5486\/revisions"}],"predecessor-version":[{"id":5535,"href":"https:\/\/delsuralmundoen2030.agro.uba.ar\/index.php?rest_route=\/wp\/v2\/pages\/5486\/revisions\/5535"}],"wp:attachment":[{"href":"https:\/\/delsuralmundoen2030.agro.uba.ar\/index.php?rest_route=%2Fwp%2Fv2%2Fmedia&parent=5486"}],"wp:term":[{"taxonomy":"category","embeddable":true,"href":"https:\/\/delsuralmundoen2030.agro.uba.ar\/index.php?rest_route=%2Fwp%2Fv2%2Fcategories&post=5486"},{"taxonomy":"post_tag","embeddable":true,"href":"https:\/\/delsuralmundoen2030.agro.uba.ar\/index.php?rest_route=%2Fwp%2Fv2%2Ftags&post=5486"}],"curies":[{"name":"wp","href":"https:\/\/api.w.org\/{rel}","templated":true}]}}