{"id":5417,"date":"2017-05-17T13:31:03","date_gmt":"2017-05-17T13:31:03","guid":{"rendered":"http:\/\/www.agro.uba.ar\/delsuralmundoen2030\/?page_id=5417"},"modified":"2017-05-17T15:40:25","modified_gmt":"2017-05-17T15:40:25","slug":"informacion-de-prensa-4","status":"publish","type":"page","link":"https:\/\/delsuralmundoen2030.agro.uba.ar\/?page_id=5417","title":{"rendered":"Informaci\u00f3n de prensa"},"content":{"rendered":"<p>gg comunicaci\u00f3n<\/p>\n<h2>Ocean\u00eda, la avanzada del biodiesel y un optimismo generalizado<\/h2>\n<p>Cerca de 30 expositores dieron un panorama del mundo. Referentes de Ocean\u00eda y de Jap\u00f3n contaron sobre las bondades del comercio bilateral, productores locales sobre los avances en biodiesel y al cierre la mirada de los pol\u00edticos mostrando un horizonte esperanzador para la bioeconom\u00eda en el pa\u00eds. Fue durante el segundo d\u00eda del 4\u00ba Simposio Del Sur al Mundo en 2030: Pensando en forma global y a largo plazo con visi\u00f3n bioce\u00e1nica, Agro y Bionegocios Sustentables que se realiz\u00f3 en el Congreso de la Naci\u00f3n, organizado por el Departamento de Bioeconom\u00eda, Prospectiva y Pol\u00edticas P\u00fablicas (BIOP3) de la Facultad de Agronom\u00eda de la Universidad de Buenos Aires.<\/p>\n<p><a href=\"http:\/\/www.agro.uba.ar\/delsuralmundoen2030\/?page_id=5419\">[leer nota]<\/a><\/p>\n<h2>El combustible del futuro: la mirada en el valor agregado<\/h2>\n<p>Los especialistas del \u00e1rea de los biocombustibles destacaron el trabajo que proporciona a la regi\u00f3n donde se producen. Tambi\u00e9n hablaron de los inconvenientes que provocar\u00eda para el mercado y las modificaciones que deber\u00e1n hacerse en la normativas referidas a los combusbiles. Fue durante el segundo d\u00eda del 4\u00ba Simposio Del Sur al Mundo en 2030: Pensando en forma global y a largo plazo con visi\u00f3n bioce\u00e1nica, Agro y Bionegocios Sustentables que se realiz\u00f3 en el Congreso de la Naci\u00f3n, organizado por el Departamento de Bioeconom\u00eda, Prospectiva y Pol\u00edticas P\u00fablicas (BIOP3) de la Facultad de Agronom\u00eda de la Universidad de Buenos Aires.<\/p>\n<p><a href=\"http:\/\/www.agro.uba.ar\/delsuralmundoen2030\/?page_id=5421\">[leer nota]<\/a><\/p>\n<h2>Elogio de la bioeconom\u00eda y la mirada de largo plazo<\/h2>\n<p>El bloque de cierre, sobre pol\u00edticas p\u00fablicas, estuvo a cargo de representantes pol\u00edticos, quienes dieron un panorama global acerca de la situaci\u00f3n del campo y manifestaron un claro optimismo. Participaron el ministro de Agroindustria bonaerense, Federico Pinedo, y el presidente provisional del Senado, senador Federico Pinedo. Fue durante el 4\u00ba Simposio Del Sur al Mundo en 2030: Pensando en forma global y a largo plazo con visi\u00f3n bioce\u00e1nica, Agro y Bionegocios Sustentables que se realiz\u00f3 en el Congreso de la Naci\u00f3n, organizado por el Departamento de Bioeconom\u00eda, Prospectiva y Pol\u00edticas P\u00fablicas (BIOP3) de la Facultad de Agronom\u00eda de la Universidad de Buenos Aires.<\/p>\n<p><a href=\"http:\/\/www.agro.uba.ar\/delsuralmundoen2030\/?page_id=5425\">[leer nota]<\/a><\/p>\n<h2>Sudam\u00e9rica y Argentina en el mundo, en 2030<\/h2>\n<p>Fernando Vilella, explic\u00f3 el escenario internacional en que se inserta el pa\u00eds y la regi\u00f3n y las oportunidades que a\u00fan existen en materia de comercio agroalimentario en el mundo m\u00e1s all\u00e1 de la incertidumbre respecto de la evoluci\u00f3n de los bloques geopol\u00edticos. Fue durante el 4\u00ba Simposio Del Sur al Mundo en 2030: Pensando en forma global y a largo plazo con visi\u00f3n bioce\u00e1nica, Agro y Bionegocios Sustentables, que se realiz\u00f3 en el Congreso de la Naci\u00f3n, organizado por el Departamento de Bioeconom\u00eda, Prospectiva y Pol\u00edticas P\u00fablicas (BIOP3) de la Facultad de Agronom\u00eda de la Universidad de Buenos Aires (FAUBA).<\/p>\n<p><a href=\"http:\/\/www.agro.uba.ar\/delsuralmundoen2030\/?page_id=5427\">[leer nota]<\/a><\/p>\n<h2>Pol\u00edticas P\u00fablicas Estrat\u00e9gicas<\/h2>\n<p>Seis diputados nacionales dieron su visi\u00f3n sobre c\u00f3mo debieran encararse pol\u00edticas p\u00fablicas en el \u00e1mbito agroindustrial. Fue durante el 4\u00ba Simposio Del Sur al Mundo en 2030: Pensando en forma global y a largo plazo con visi\u00f3n bioce\u00e1nica, Agro y Bionegocios Sustentables, que se realiz\u00f3 en el Congreso de la Naci\u00f3n, organizado por el Departamento de Bioeconom\u00eda, Prospectiva y Pol\u00edticas P\u00fablicas (BIOP3) de la Facultad de Agronom\u00eda de la Universidad de Buenos Aires (FAUBA).<\/p>\n<p><a href=\"http:\/\/www.agro.uba.ar\/delsuralmundoen2030\/?page_id=5429\">[leer nota]<\/a><\/p>\n<h2>Acuerdos internacionales en un mundo convulsionado<\/h2>\n<p>Diplom\u00e1ticos y especialistas en pol\u00edtica exterior dieron su visi\u00f3n en el panel Instituciones y Reglas del Comercio internacional en un Mundo Convulsionado. Fue durante el 4\u00ba Simposio Del Sur al Mundo en 2030: Pensando en forma global y a largo plazo con visi\u00f3n bioce\u00e1nica, Agro y Bionegocios Sustentables, que se realiz\u00f3 en el Congreso de la Naci\u00f3n, organizado por el Departamento de Bioeconom\u00eda, Prospectiva y Pol\u00edticas P\u00fablicas (BIOP3) de la Facultad de Agronom\u00eda de la Universidad de Buenos Aires (FAUBA).<\/p>\n<p><a href=\"http:\/\/www.agro.uba.ar\/delsuralmundoen2030\/?page_id=5431\">[leer nota]<\/a><\/p>\n<h2>China, el m\u00e1s grande<\/h2>\n<p>Diplom\u00e1ticos, especialistas y empresarios argentinos que producen en China expusieron sobre el gigante asi\u00e1tico y su relaci\u00f3n con el pa\u00eds y la regi\u00f3n. Fue durante el 4\u00ba Simposio Del Sur al Mundo en 2030: Pensando en forma global y a largo plazo con visi\u00f3n bioce\u00e1nica, Agro y Bionegocios Sustentables, que se realiz\u00f3 en el Congreso de la Naci\u00f3n, organizado por el Departamento de Bioeconom\u00eda, Prospectiva y Pol\u00edticas P\u00fablicas (BIOP3) de la Facultad de Agronom\u00eda de la Universidad de Buenos Aires (FAUBA).<\/p>\n<p><a href=\"http:\/\/www.agro.uba.ar\/delsuralmundoen2030\/?page_id=5433\">[leer nota]<\/a><\/p>\n","protected":false},"excerpt":{"rendered":"<p>gg comunicaci\u00f3n Ocean\u00eda, la avanzada del biodiesel y un optimismo generalizado Cerca de 30 expositores dieron un panorama del mundo. Referentes de Ocean\u00eda y de Jap\u00f3n contaron sobre las bondades del comercio bilateral, productores locales sobre los avances en biodiesel y al cierre la mirada de los pol\u00edticos mostrando un horizonte esperanzador para la bioeconom\u00eda [&hellip;]<\/p>\n","protected":false},"author":2,"featured_media":0,"parent":0,"menu_order":0,"comment_status":"closed","ping_status":"closed","template":"","meta":{"footnotes":""},"categories":[22],"tags":[],"_links":{"self":[{"href":"https:\/\/delsuralmundoen2030.agro.uba.ar\/index.php?rest_route=\/wp\/v2\/pages\/5417"}],"collection":[{"href":"https:\/\/delsuralmundoen2030.agro.uba.ar\/index.php?rest_route=\/wp\/v2\/pages"}],"about":[{"href":"https:\/\/delsuralmundoen2030.agro.uba.ar\/index.php?rest_route=\/wp\/v2\/types\/page"}],"author":[{"embeddable":true,"href":"https:\/\/delsuralmundoen2030.agro.uba.ar\/index.php?rest_route=\/wp\/v2\/users\/2"}],"replies":[{"embeddable":true,"href":"https:\/\/delsuralmundoen2030.agro.uba.ar\/index.php?rest_route=%2Fwp%2Fv2%2Fcomments&post=5417"}],"version-history":[{"count":4,"href":"https:\/\/delsuralmundoen2030.agro.uba.ar\/index.php?rest_route=\/wp\/v2\/pages\/5417\/revisions"}],"predecessor-version":[{"id":5435,"href":"https:\/\/delsuralmundoen2030.agro.uba.ar\/index.php?rest_route=\/wp\/v2\/pages\/5417\/revisions\/5435"}],"wp:attachment":[{"href":"https:\/\/delsuralmundoen2030.agro.uba.ar\/index.php?rest_route=%2Fwp%2Fv2%2Fmedia&parent=5417"}],"wp:term":[{"taxonomy":"category","embeddable":true,"href":"https:\/\/delsuralmundoen2030.agro.uba.ar\/index.php?rest_route=%2Fwp%2Fv2%2Fcategories&post=5417"},{"taxonomy":"post_tag","embeddable":true,"href":"https:\/\/delsuralmundoen2030.agro.uba.ar\/index.php?rest_route=%2Fwp%2Fv2%2Ftags&post=5417"}],"curies":[{"name":"wp","href":"https:\/\/api.w.org\/{rel}","templated":true}]}}