{"id":4560,"date":"2017-02-23T16:28:20","date_gmt":"2017-02-23T16:28:20","guid":{"rendered":"http:\/\/www.agro.uba.ar\/delsuralmundoen2030\/?page_id=4560"},"modified":"2017-04-11T18:45:54","modified_gmt":"2017-04-11T18:45:54","slug":"comite-organizador-3","status":"publish","type":"page","link":"https:\/\/delsuralmundoen2030.agro.uba.ar\/?page_id=4560","title":{"rendered":"Comit\u00e9 Organizador"},"content":{"rendered":"<p><strong>Director:<\/strong> Fernando Vilella<\/p>\n<p><strong>Integrantes:<\/strong><\/p>\n<ul>\n<li>Claudio Dunan<\/li>\n<li>Graciela Gonz\u00e1lez<\/li>\n<li>Ana Maria Di Giulio<\/li>\n<li>C\u00e9sar Fern\u00e1ndez<\/li>\n<li>Gustavo Richardson<\/li>\n<li>Ricardo Hara<\/li>\n<li>H\u00e9ctor Rosatto<\/li>\n<li>Andr\u00e9s Vilella Weisz<\/li>\n<li>Carolina L\u00f3pez Forastier<\/li>\n<li>Santiago Renis<\/li>\n<li>Claudio Molina<\/li>\n<\/ul>\n<p><strong>Congreso Nacional:<\/strong><\/p>\n<ul>\n<li>Diputados: Juan de Dios Cincunegui<\/li>\n<li>Senado: Sim\u00f3n Bestani<\/li>\n<\/ul>\n<p><strong>Secretaria Ejecutiva:<\/strong> Pamela Bruccieri<\/p>\n<p><strong>Asistentes:<\/strong><\/p>\n<ul>\n<li>Nadia Molina<\/li>\n<li>Andr\u00e9s Grassi<\/li>\n<li>Claudio Gonz\u00e1lez<\/li>\n<\/ul>\n","protected":false},"excerpt":{"rendered":"<p>Director: Fernando Vilella Integrantes: Claudio Dunan Graciela Gonz\u00e1lez Ana Maria Di Giulio C\u00e9sar Fern\u00e1ndez Gustavo Richardson Ricardo Hara H\u00e9ctor Rosatto Andr\u00e9s Vilella Weisz Carolina L\u00f3pez Forastier Santiago Renis Claudio Molina Congreso Nacional: Diputados: Juan de Dios Cincunegui Senado: Sim\u00f3n Bestani Secretaria Ejecutiva: Pamela Bruccieri Asistentes: Nadia Molina Andr\u00e9s Grassi Claudio Gonz\u00e1lez<\/p>\n","protected":false},"author":2,"featured_media":0,"parent":0,"menu_order":0,"comment_status":"closed","ping_status":"closed","template":"","meta":{"footnotes":""},"categories":[22],"tags":[],"_links":{"self":[{"href":"https:\/\/delsuralmundoen2030.agro.uba.ar\/index.php?rest_route=\/wp\/v2\/pages\/4560"}],"collection":[{"href":"https:\/\/delsuralmundoen2030.agro.uba.ar\/index.php?rest_route=\/wp\/v2\/pages"}],"about":[{"href":"https:\/\/delsuralmundoen2030.agro.uba.ar\/index.php?rest_route=\/wp\/v2\/types\/page"}],"author":[{"embeddable":true,"href":"https:\/\/delsuralmundoen2030.agro.uba.ar\/index.php?rest_route=\/wp\/v2\/users\/2"}],"replies":[{"embeddable":true,"href":"https:\/\/delsuralmundoen2030.agro.uba.ar\/index.php?rest_route=%2Fwp%2Fv2%2Fcomments&post=4560"}],"version-history":[{"count":5,"href":"https:\/\/delsuralmundoen2030.agro.uba.ar\/index.php?rest_route=\/wp\/v2\/pages\/4560\/revisions"}],"predecessor-version":[{"id":5384,"href":"https:\/\/delsuralmundoen2030.agro.uba.ar\/index.php?rest_route=\/wp\/v2\/pages\/4560\/revisions\/5384"}],"wp:attachment":[{"href":"https:\/\/delsuralmundoen2030.agro.uba.ar\/index.php?rest_route=%2Fwp%2Fv2%2Fmedia&parent=4560"}],"wp:term":[{"taxonomy":"category","embeddable":true,"href":"https:\/\/delsuralmundoen2030.agro.uba.ar\/index.php?rest_route=%2Fwp%2Fv2%2Fcategories&post=4560"},{"taxonomy":"post_tag","embeddable":true,"href":"https:\/\/delsuralmundoen2030.agro.uba.ar\/index.php?rest_route=%2Fwp%2Fv2%2Ftags&post=4560"}],"curies":[{"name":"wp","href":"https:\/\/api.w.org\/{rel}","templated":true}]}}