{"id":4415,"date":"2016-04-21T12:44:47","date_gmt":"2016-04-21T12:44:47","guid":{"rendered":"http:\/\/www.agro.uba.ar\/delsuralmundoen2030\/?page_id=4415"},"modified":"2017-03-02T11:59:54","modified_gmt":"2017-03-02T11:59:54","slug":"presentaciones-en-pdf-2","status":"publish","type":"page","link":"https:\/\/delsuralmundoen2030.agro.uba.ar\/?page_id=4415","title":{"rendered":"Presentaciones en PDF"},"content":{"rendered":"<ol>\n<li>Alfonso Ruiz Gui\u00f1az\u00fa<br \/>\n<a href=\"http:\/\/www.agro.uba.ar\/delsuralmundoen2030\/wp-content\/uploads\/2016\/04\/Cobertura-de-precios-en-negocios-agricolas-con-derivados-financieros.-ALFONSO-RUIZ-GUI%C3%91AZ%C3%9A.pdf\" target=\"_blank\">\u201cCobertura de precios de negocios agr\u00edcolas con derivados financieros\u201d<br \/>\n<\/a><span style=\"color: #ffffff;\">.<\/span><\/li>\n<li>Adri\u00e1n\u00a0Rodr\u00edguez<br \/>\n<a href=\"http:\/\/www.agro.uba.ar\/delsuralmundoen2030\/wp-content\/uploads\/2016\/04\/Potenciales-y-desaf%C3%ADos-de-la-agroindustria-en-el-marco-de-una-bioeconom%C3%ADa-2030-Adri%C3%A1n-Rodriguez.pdf\" target=\"_blank\">\u201cPotenciales y desaf\u00edos de la agroindustria en el marco de una \u00a0bioeconom\u00eda 2030\u201d<\/a><br \/>\n<span style=\"color: #ffffff;\">.<\/span><\/li>\n<li>Alejandro\u00a0Mentaberry<br \/>\n<a href=\"http:\/\/www.agro.uba.ar\/delsuralmundoen2030\/wp-content\/uploads\/2016\/04\/El-MinCyT-y-la-bieconom%C3%ADa-Alejandro-Mentaberry.pdf\" target=\"_blank\">\u201cEl MinCyT\u00a0y la bioeconom\u00eda\u201d<\/a><br \/>\n<span style=\"color: #ffffff;\">.<\/span><\/li>\n<li>Ana Mar\u00eda de Giulio<br \/>\n<span style=\"color: #ffffff;\">.<\/span><\/li>\n<li>Andr\u00e9s Vilella Weisz<br \/>\n<a href=\"http:\/\/www.agro.uba.ar\/delsuralmundoen2030\/wp-content\/uploads\/2016\/04\/Charla-Simposio-2016-Andr%C3%A9s-Vilella-Weisz.pdf\" target=\"_blank\">\u201cEl otro tercio\u201d. Macrofinanzas + Agrofinanzas<\/a><br \/>\n<span style=\"color: #ffffff;\">.<\/span><\/li>\n<li>Carlos\u00a0Castellani<br \/>\n<a href=\"http:\/\/www.agro.uba.ar\/delsuralmundoen2030\/wp-content\/uploads\/2016\/04\/Experiencias-de-APACHE-en-el-Mundo.-Carlos-Castellani.pdf\" target=\"_blank\">\u201cExperiencias de APACHE en el Mundo\u201d<\/a><br \/>\n<span style=\"color: #ffffff;\">.<\/span><\/li>\n<li>Catalina Lonac<br \/>\n\u201cLa industria azucarera \u2013 Parte de la soluci\u00f3n\u201d<br \/>\n<span style=\"color: #ffffff;\">.<\/span><\/li>\n<li>Claudio\u00a0Dunan<br \/>\n<a href=\"http:\/\/www.agro.uba.ar\/delsuralmundoen2030\/wp-content\/uploads\/2016\/04\/Tecnolog%C3%ADas-para-una-Bioeconom%C3%ADa-Competitiva.-Claudio-Dunan.pdf\" target=\"_blank\">\u00abTecnolog\u00edas para una\u00a0Bioeconom\u00eda Competitiva\u00bb<\/a><br \/>\n<span style=\"color: #ffffff;\">.<\/span><\/li>\n<li>Claudio Molina<br \/>\n<a href=\"http:\/\/www.agro.uba.ar\/delsuralmundoen2030\/wp-content\/uploads\/2016\/04\/Los-Biocombustibles-en-Argentina-Actualidad-y-Perspectivas.CLAUDIO-MOLINA.pdf\" target=\"_blank\">\u201cLos Biocombustibles en Argentina, Actualidad y Perspectivas\u201d<\/a><br \/>\n<span style=\"color: #ffffff;\">.<\/span><\/li>\n<li>Cristian\u00a0Feldkamp<br \/>\n<a href=\"http:\/\/www.agro.uba.ar\/delsuralmundoen2030\/wp-content\/uploads\/2016\/04\/Carne-Vacuna-2030-Desaf\u00edos-y-Oportunidades-Cristian-Feldkamp.pdf\" target=\"_blank\">\u201cCarne vacuna 2030 \u2013 Desaf\u00edos y oportunidades\u201d<\/a><br \/>\n<span style=\"color: #ffffff;\">.<\/span><\/li>\n<li>Antonio Da R. S. Henriques da Silva<br \/>\n<span style=\"color: #ffffff;\">.<\/span><\/li>\n<li>Federico Bert<br \/>\n<a href=\"http:\/\/www.agro.uba.ar\/delsuralmundoen2030\/wp-content\/uploads\/2016\/04\/Federico-Bert.-Visi%C3%B3n-de-los-Productores-para-Capturar-las-Oportunidades-y-Enfrentar-los-Desaf%C3%ADos-Globales-del-2030.pdf\" target=\"_blank\">\u201cVisi\u00f3n de los Productores para capturar las oportunidades y enfrentar los desaf\u00edos globales del 2030\u201d<\/a><br \/>\n<span style=\"color: #ffffff;\">.<\/span><\/li>\n<li>Felix\u00a0Pe\u00f1a<br \/>\n<span style=\"color: #ffffff;\">.<\/span><\/li>\n<li>Esteban Otto Thomasz<br \/>\n<a href=\"http:\/\/www.agro.uba.ar\/delsuralmundoen2030\/wp-content\/uploads\/2016\/04\/PPT-THOMASZ-RONDINONE-13-2016.pdf\" target=\"_blank\">\u00abInestabilidades Externas y Vicios Internos: Desaf\u00edos y\u00a0Oportunidades para la Macroeconom\u00eda y el Sector\u00a0Agroindustrial en Argentina\u00bb<\/a><br \/>\n<span style=\"color: #ffffff;\">.<\/span><\/li>\n<li>Fernando Vilella<br \/>\n<a href=\"http:\/\/www.agro.uba.ar\/delsuralmundoen2030\/wp-content\/uploads\/2016\/04\/Argentina-en-2030-Pensar-en-escala-global-y-a-largo-plazo-Fernando-Vilella.pdf\" target=\"_blank\">\u201cArgentina al 2030, pensar a escala global y a largo plazo\u201d<\/a><br \/>\n<span style=\"color: #ffffff;\">.<\/span><\/li>\n<li>Gonzalo\u00a0Ortiz de Z\u00e1rate<br \/>\n\u201cSituaci\u00f3n general de \u00c1frica y relaci\u00f3n con la Argentina\u201d<br \/>\n<span style=\"color: #ffffff;\">.<\/span><\/li>\n<li>Graciela Beatriz Gonz\u00e1les<br \/>\n<span style=\"color: #ffffff;\">.<\/span><\/li>\n<li>Gustavo Neffa<br \/>\n<a href=\"http:\/\/www.agro.uba.ar\/delsuralmundoen2030\/wp-content\/uploads\/2016\/04\/%C2%BFFinal-del-superciclo-de-los-commodities-Gustavo-Neffa.pdf\" target=\"_blank\">\u201c\u00bfFinal del superciclo de los commodities?\u201d<\/a><br \/>\n<span style=\"color: #ffffff;\">.<\/span><\/li>\n<li>H\u00e9ctor\u00a0Huergo<br \/>\n<a href=\"http:\/\/www.agro.uba.ar\/delsuralmundoen2030\/wp-content\/uploads\/2016\/04\/H%C3%A9ctor-Huergo.pdf\" target=\"_blank\">Presentaci\u00f3n<\/a><br \/>\n<span style=\"color: #ffffff;\">.<\/span><\/li>\n<li>Herminio Escorcio<br \/>\n<span style=\"color: #ffffff;\">.<\/span><\/li>\n<li>Ignacio\u00a0Plaza<br \/>\n<span style=\"color: #ffffff;\">.<\/span><\/li>\n<li>Javier\u00a0Diaz Bay<br \/>\n<a href=\"http:\/\/www.agro.uba.ar\/delsuralmundoen2030\/wp-content\/uploads\/2016\/04\/Redes-Asociativas-y-Cooperaci%C3%B3n-Internacional-en-la-Gesti%C3%B3n-de-Agronegocios-Javier-Diaz-Bay.pdf\" target=\"_blank\">\u201cRedes Asociativas y Cooperaci\u00f3n Internacional en la Gesti\u00f3n de Agronegocios. Una visi\u00f3n Sur-Sur para una mayor integraci\u00f3n Am\u00e9rica Latina y \u00c1frica\u00bb<\/a><br \/>\n<span style=\"color: #ffffff;\">.<\/span><\/li>\n<li>Javier\u00a0Pedre\u00f1o<br \/>\n<a href=\"http:\/\/www.agro.uba.ar\/delsuralmundoen2030\/wp-content\/uploads\/2016\/04\/Un-nuevo-enfoque-en-el-aprovechamiento-de-los-recursos-naturales-Javier-Pedre%C3%B1o.pdf\" target=\"_blank\">\u201cUn nuevo enfoque en el aprovechamiento de los recursos naturales: Exploraci\u00f3n de la Biodiversidad para el descubrimiento de nuevos medicamentos mediante tecnolog\u00edas de High-Throughput Screening\u201d<\/a><br \/>\n<span style=\"color: #ffffff;\">.<\/span><\/li>\n<li>Javier\u00a0Preciado Pati\u00f1o<br \/>\n<a href=\"http:\/\/www.agro.uba.ar\/delsuralmundoen2030\/wp-content\/uploads\/2016\/04\/La-Argentina-como-supermercado-del-mundo.-Bases-de-una-pol%C3%ADtica-agr%C3%ADcola-lograrlo.-Javier-Preciado-Pati%C3%B1o.pdf\" target=\"_blank\">Argentina \u00bfsupermercado del\u00a0mundo o delivery de\u00a0commodities?<\/a><br \/>\n<span style=\"color: #ffffff;\">.<\/span><\/li>\n<li>Jorge\u00a0Castro<br \/>\n<a href=\"http:\/\/www.agro.uba.ar\/delsuralmundoen2030\/wp-content\/uploads\/2016\/04\/La-desaceleraci%C3%B3n-de-la-econom%C3%ADa-china-y-el-mercado-mundial-de-commodities-El-caso-Argentino-jorge-castro.pdf\" target=\"_blank\">\u201cLa desaceleraci\u00f3n de la econom\u00eda china y el mercado mundial de commodities: el caso argentino\u201d<\/a><br \/>\n<span style=\"color: #ffffff;\">.<\/span><\/li>\n<li>Jorge\u00a0Etchebehere<br \/>\n<a href=\"http:\/\/www.agro.uba.ar\/delsuralmundoen2030\/wp-content\/uploads\/2016\/04\/Desarrollo-de-mercados-para-insumos-microbiol%C3%B3gicos-en-%C3%81frica-Jorge-Etchebehere.pdf\" target=\"_blank\">\u201cDesarrollo de mercados para insumos microbiol\u00f3gicos en \u00c1frica\u201d<\/a><br \/>\n<span style=\"color: #ffffff;\">.<\/span><\/li>\n<li>Jos\u00e9\u00a0Gobbee<br \/>\n<a href=\"http:\/\/www.agro.uba.ar\/delsuralmundoen2030\/wp-content\/uploads\/2016\/04\/Seguridad-Alimentaria-y-Nuevos-Fondos-de-Inversi%C3%B3n-Internacionales-en-Agro-Jos%C3%A9-Gobee.pdf\" target=\"_blank\">\u201cSeguridad Alimentaria y Nuevos Fondos de Inversi\u00f3n Internacionales en Agro\u201d<\/a><br \/>\n<span style=\"color: #ffffff;\">.<\/span><\/li>\n<li>Jos\u00e9 Luis Tedesco<br \/>\n<a href=\"http:\/\/www.agro.uba.ar\/delsuralmundoen2030\/wp-content\/uploads\/2016\/04\/Producci%C3%B3n-sustentable-posibles-soluciones-para-la-seguridad-Jose-Luis-Tedesco.pdf\" target=\"_blank\">\u201cProducci\u00f3n sustentable, posibles soluciones para la seguridad alimentaria global\u201d<\/a><br \/>\n<span style=\"color: #ffffff;\">.<\/span><\/li>\n<li>Josefina Santiago<br \/>\n<a href=\"http:\/\/www.agro.uba.ar\/delsuralmundoen2030\/wp-content\/uploads\/2016\/04\/Un-panorama-de-los-desaf%C3%ADos-y-oportunidades-de-la-India.-Josefina-Santiago.pdf\" target=\"_blank\">\u201cUn panorama de los desaf\u00edos y oportunidades de la India\u201d<\/a><br \/>\n<span style=\"color: #ffffff;\">.<\/span><\/li>\n<li>Juan Rusinek<br \/>\n<a href=\"http:\/\/www.agro.uba.ar\/delsuralmundoen2030\/wp-content\/uploads\/2016\/04\/Una-empresa-argentina-en-%C3%81frica-El-caso-de-Green-Agro-Ltd-Juan-Rusinek.pdf\" target=\"_blank\">\u201cUna empresa argentina en \u00c1frica, El caso de Green Agro Ltd,\u201d<\/a><br \/>\n<span style=\"color: #ffffff;\">.<\/span><\/li>\n<li>Lucio\u00a0Castro<br \/>\n\u201cEl d\u00eda despu\u00e9s: el desaf\u00edo de la transformaci\u00f3n productiva\u201d<br \/>\n<span style=\"color: #ffffff;\">.<\/span><\/li>\n<li>Marcelo\u00a0Mc Grech<br \/>\n<a href=\"http:\/\/www.agro.uba.ar\/delsuralmundoen2030\/wp-content\/uploads\/2016\/04\/El-financiamiento-como-herramienta-para-el-crecimiento-Situaci%C3%B3n-Actual.-Marcelo-Mc-Grech.pdf\" target=\"_blank\">\u201cEl financiamiento como herramienta para el crecimiento\u201d Situaci\u00f3n Actual<\/a><br \/>\n<span style=\"color: #ffffff;\">.<\/span><\/li>\n<li>Mariano Turzi<br \/>\n\u201cPol\u00edtica interna y contexto mundial en la Argentina de Macri: \u00bfnuevos escenarios?\u201d<br \/>\n<span style=\"color: #ffffff;\">.<\/span><\/li>\n<li>M\u00f3nica Silenzi<br \/>\n<a href=\"http:\/\/www.agro.uba.ar\/delsuralmundoen2030\/wp-content\/uploads\/2016\/04\/Observatorio-CELAC-en-Bioeconom%C3%ADa.-Nueva-Iniciativa-de-Cooperaci%C3%B3n-M%C3%B3nica-Silenzi.pdf\" target=\"_blank\">\u201cObservatorio CELAC en Bioeconom\u00eda. Nueva Iniciativa de Cooperaci\u00f3n Internacional\u201d<\/a><br \/>\n<span style=\"color: #ffffff;\">.<\/span><\/li>\n<li>N\u00e9stor\u00a0Roulet<br \/>\n<a href=\"http:\/\/www.agro.uba.ar\/delsuralmundoen2030\/wp-content\/uploads\/2016\/04\/N%C3%A9stor-Roulet.pdf\" target=\"_blank\">\u201cBioeconom\u00eda\u201d<\/a><br \/>\n<span style=\"color: #ffffff;\">.<\/span><\/li>\n<li>Olivier\u00a0Antoine<br \/>\n<a href=\"http:\/\/www.agro.uba.ar\/delsuralmundoen2030\/wp-content\/uploads\/2016\/04\/Oliver-Antoine.pdf\" target=\"_blank\">\u201cGeopol\u00edtica de la agricultura y la alimentaci\u00f3n en el siglo XXI\u201d<\/a><br \/>\n<span style=\"color: #ffffff;\">.<\/span><\/li>\n<li>Pablo Lasalandra<br \/>\n\u201c\u00c1frica Subsahariana: comprendiendo las oportunidades y desaf\u00edos desde una mirada sociocultural y de pr\u00e1ctica de terreno.\u201d<br \/>\n<span style=\"color: #ffffff;\">.<\/span><\/li>\n<li>Patricio\u00a0Mac Donagh<br \/>\n<a href=\"http:\/\/www.agro.uba.ar\/delsuralmundoen2030\/wp-content\/uploads\/2016\/04\/La-evoluci%C3%B3n-del-sector-forestal-de-Misiones-y-Corrientes-Patricio-Mac-Donagh.pdf\" target=\"_blank\">\u201cLa evoluci\u00f3n del sector forestal de Misiones y Corrientes\u201d<\/a><br \/>\n<span style=\"color: #ffffff;\">.<\/span><\/li>\n<li>Raquel\u00a0Sastre<br \/>\n<span style=\"color: #ffffff;\">.<\/span><\/li>\n<li>Ricardo\u00a0Bindi<br \/>\n\u201cCreando valor soft para potenciar los resultados hard\u201d<br \/>\n<span style=\"color: #ffffff;\">.<\/span><\/li>\n<li>Rub\u00e9n\u00a0J. Ull\u00faa<br \/>\n<a href=\"http:\/\/www.agro.uba.ar\/delsuralmundoen2030\/wp-content\/uploads\/2016\/04\/An%C3%A1lisis-t%C3%A9cnico-y-perspectivas-de-precios-de-Mercados-Agr%C3%ADcolas.-Rub%C3%A9n-Ull%C3%BAa.pdf\" target=\"_blank\">\u201cAn\u00e1lisis t\u00e9cnico y perspectivas de precios de Mercados Agr\u00edcolas\u201d<\/a><br \/>\n<span style=\"color: #ffffff;\">.<\/span><\/li>\n<li>Ruth Ladenheim<br \/>\n<span style=\"color: #ffffff;\">.<\/span><\/li>\n<li>Santiago Gonzalez Venzano<br \/>\n<a href=\"http:\/\/www.agro.uba.ar\/delsuralmundoen2030\/wp-content\/uploads\/2016\/04\/Risk-Management-Solutions-Gonzales-Venzano.pdf\" target=\"_blank\">\u00abRisk management\u00a0solutions\u00bb<\/a><br \/>\n<span style=\"color: #ffffff;\">.<\/span><\/li>\n<li>Yang Wanming<\/li>\n<\/ol>\n<p>\u200b<\/p>\n","protected":false},"excerpt":{"rendered":"<p>Alfonso Ruiz Gui\u00f1az\u00fa \u201cCobertura de precios de negocios agr\u00edcolas con derivados financieros\u201d . Adri\u00e1n\u00a0Rodr\u00edguez \u201cPotenciales y desaf\u00edos de la agroindustria en el marco de una \u00a0bioeconom\u00eda 2030\u201d . Alejandro\u00a0Mentaberry \u201cEl MinCyT\u00a0y la bioeconom\u00eda\u201d . Ana Mar\u00eda de Giulio . Andr\u00e9s Vilella Weisz \u201cEl otro tercio\u201d. Macrofinanzas + Agrofinanzas . Carlos\u00a0Castellani \u201cExperiencias de APACHE en el [&hellip;]<\/p>\n","protected":false},"author":2,"featured_media":0,"parent":0,"menu_order":0,"comment_status":"closed","ping_status":"closed","template":"","meta":{"footnotes":""},"categories":[15],"tags":[],"_links":{"self":[{"href":"https:\/\/delsuralmundoen2030.agro.uba.ar\/index.php?rest_route=\/wp\/v2\/pages\/4415"}],"collection":[{"href":"https:\/\/delsuralmundoen2030.agro.uba.ar\/index.php?rest_route=\/wp\/v2\/pages"}],"about":[{"href":"https:\/\/delsuralmundoen2030.agro.uba.ar\/index.php?rest_route=\/wp\/v2\/types\/page"}],"author":[{"embeddable":true,"href":"https:\/\/delsuralmundoen2030.agro.uba.ar\/index.php?rest_route=\/wp\/v2\/users\/2"}],"replies":[{"embeddable":true,"href":"https:\/\/delsuralmundoen2030.agro.uba.ar\/index.php?rest_route=%2Fwp%2Fv2%2Fcomments&post=4415"}],"version-history":[{"count":29,"href":"https:\/\/delsuralmundoen2030.agro.uba.ar\/index.php?rest_route=\/wp\/v2\/pages\/4415\/revisions"}],"predecessor-version":[{"id":4484,"href":"https:\/\/delsuralmundoen2030.agro.uba.ar\/index.php?rest_route=\/wp\/v2\/pages\/4415\/revisions\/4484"}],"wp:attachment":[{"href":"https:\/\/delsuralmundoen2030.agro.uba.ar\/index.php?rest_route=%2Fwp%2Fv2%2Fmedia&parent=4415"}],"wp:term":[{"taxonomy":"category","embeddable":true,"href":"https:\/\/delsuralmundoen2030.agro.uba.ar\/index.php?rest_route=%2Fwp%2Fv2%2Fcategories&post=4415"},{"taxonomy":"post_tag","embeddable":true,"href":"https:\/\/delsuralmundoen2030.agro.uba.ar\/index.php?rest_route=%2Fwp%2Fv2%2Ftags&post=4415"}],"curies":[{"name":"wp","href":"https:\/\/api.w.org\/{rel}","templated":true}]}}