{"id":4402,"date":"2016-04-19T15:20:28","date_gmt":"2016-04-19T15:20:28","guid":{"rendered":"http:\/\/www.agro.uba.ar\/delsuralmundoen2030\/?page_id=4402"},"modified":"2017-03-02T11:59:32","modified_gmt":"2017-03-02T11:59:32","slug":"informacion-de-prensa-3","status":"publish","type":"page","link":"https:\/\/delsuralmundoen2030.agro.uba.ar\/?page_id=4402","title":{"rendered":"Informaci\u00f3n de prensa"},"content":{"rendered":"<p>gg comunicaci\u00f3n<\/p>\n<h2>Argentina en 2030:\u00a0pensar en escala global y a largo plazo<\/h2>\n<p>Es la estrategia que el pa\u00eds deber\u00eda plantear y ejecutar, para aprovechar la gran demanda mundial de alimentos, generar bioenerg\u00eda e iniciar el desarrollo de mol\u00e9culas farmac\u00e9uticas basadas en la biodiversidad de sus recursos naturales. Lo explic\u00f3 el Ing. Agr. Fernando Vilella, director del Departamento de Bioeconom\u00eda, Prospectiva y Pol\u00edticas P\u00fablicas de la Facultad de Agronom\u00eda de la Universidad de Buenos Aires (FAUBA).<\/p>\n<p><a href=\"http:\/\/www.agro.uba.ar\/delsuralmundoen2030\/?page_id=4404\">[leer nota]<\/a><\/p>\n<h2>La bioeconom\u00eda como pol\u00edtica p\u00fablica estrat\u00e9gica y paradigma productivo para el desarrollo del pa\u00eds<\/h2>\n<p>Alejandro Mentaberry, jefe del Gabinete Cient\u00edfico del Ministerio de Ciencia, Tecnolog\u00eda y Desarrollo Productivo de la Naci\u00f3n (MINCYT), dijo que el pa\u00eds ya tiene un 15% de su PIB proveniente de esta disciplina. Y destac\u00f3 como con ella, la Argentina puede completar su proceso de industrializaci\u00f3n e insertarse en la econom\u00eda del conocimiento.<\/p>\n<p><a href=\"http:\/\/www.agro.uba.ar\/delsuralmundoen2030\/?page_id=4407\">[leer nota]<\/a><\/p>\n<h2>La agroindustria, su potencial y desaf\u00edos<\/h2>\n<p>Distintos disertantes abordaron las oportunidades que la actividad ofrece a la ganader\u00eda vacuna, a los biocombustibles (etanol y biodiesel, entre otros) y a la forestaci\u00f3n en Corrientes y Misiones, y sus desaf\u00edos en el marco de una Bioeconom\u00eda proyectada hacia 2030, as\u00ed como la importancia de los recursos humanos para afrontar los retos por venir.<\/p>\n<p><a href=\"http:\/\/www.agro.uba.ar\/delsuralmundoen2030\/?page_id=4418\">[leer nota]<\/a><\/p>\n<h2>Agrofinanzas, Trading y Riesgo<\/h2>\n<p>El ingreso de inversores financieros que operan en futuros, fuera de los fundamentos agr\u00edcolas cambiaron el escenario donde se juegan los precios de los productos del agro.<\/p>\n<p><a href=\"http:\/\/www.agro.uba.ar\/delsuralmundoen2030\/?page_id=4490\">[leer nota]<\/a><\/p>\n<h2>Angola ofrece oportunidades para la inversi\u00f3n extranjera directa en proyectos agroindustriales<\/h2>\n<p>El pa\u00eds africano es uno de los pocos que cuenta con tierras de aptitud agropecuaria disponibles para producci\u00f3n de distintos cultivos y la cr\u00eda de animales. Fue uno de los casos expuestos en el Simposio.<\/p>\n<p><a href=\"http:\/\/www.agro.uba.ar\/delsuralmundoen2030\/?page_id=4493\">[leer nota]<\/a><\/p>\n<h2>Biodiversidad y medicamentos, una oportunidad para los pa\u00edses del hemisferio Sur<\/h2>\n<p>Javier Pedre\u00f1o, m\u00e9dico y cirujano espa\u00f1ol especialista en neurolog\u00eda, bioqu\u00edmica y patolog\u00eda molecular, habl\u00f3 de c\u00f3mo los pa\u00edses emergentes pueden aprovechar sus recursos naturales para extraer nuevas mol\u00e9culas que permitan desarrollar nuevos medicamentos. Anunci\u00f3 un proyecto en ese sentido, asociado con la UBA.<\/p>\n<p><a href=\"http:\/\/www.agro.uba.ar\/delsuralmundoen2030\/?page_id=4496\">[leer nota]<\/a><\/p>\n","protected":false},"excerpt":{"rendered":"<p>gg comunicaci\u00f3n Argentina en 2030:\u00a0pensar en escala global y a largo plazo Es la estrategia que el pa\u00eds deber\u00eda plantear y ejecutar, para aprovechar la gran demanda mundial de alimentos, generar bioenerg\u00eda e iniciar el desarrollo de mol\u00e9culas farmac\u00e9uticas basadas en la biodiversidad de sus recursos naturales. Lo explic\u00f3 el Ing. Agr. Fernando Vilella, director [&hellip;]<\/p>\n","protected":false},"author":2,"featured_media":0,"parent":0,"menu_order":0,"comment_status":"closed","ping_status":"closed","template":"","meta":{"footnotes":""},"categories":[15],"tags":[],"_links":{"self":[{"href":"https:\/\/delsuralmundoen2030.agro.uba.ar\/index.php?rest_route=\/wp\/v2\/pages\/4402"}],"collection":[{"href":"https:\/\/delsuralmundoen2030.agro.uba.ar\/index.php?rest_route=\/wp\/v2\/pages"}],"about":[{"href":"https:\/\/delsuralmundoen2030.agro.uba.ar\/index.php?rest_route=\/wp\/v2\/types\/page"}],"author":[{"embeddable":true,"href":"https:\/\/delsuralmundoen2030.agro.uba.ar\/index.php?rest_route=\/wp\/v2\/users\/2"}],"replies":[{"embeddable":true,"href":"https:\/\/delsuralmundoen2030.agro.uba.ar\/index.php?rest_route=%2Fwp%2Fv2%2Fcomments&post=4402"}],"version-history":[{"count":10,"href":"https:\/\/delsuralmundoen2030.agro.uba.ar\/index.php?rest_route=\/wp\/v2\/pages\/4402\/revisions"}],"predecessor-version":[{"id":4498,"href":"https:\/\/delsuralmundoen2030.agro.uba.ar\/index.php?rest_route=\/wp\/v2\/pages\/4402\/revisions\/4498"}],"wp:attachment":[{"href":"https:\/\/delsuralmundoen2030.agro.uba.ar\/index.php?rest_route=%2Fwp%2Fv2%2Fmedia&parent=4402"}],"wp:term":[{"taxonomy":"category","embeddable":true,"href":"https:\/\/delsuralmundoen2030.agro.uba.ar\/index.php?rest_route=%2Fwp%2Fv2%2Fcategories&post=4402"},{"taxonomy":"post_tag","embeddable":true,"href":"https:\/\/delsuralmundoen2030.agro.uba.ar\/index.php?rest_route=%2Fwp%2Fv2%2Ftags&post=4402"}],"curies":[{"name":"wp","href":"https:\/\/api.w.org\/{rel}","templated":true}]}}