{"id":2722,"date":"2015-04-27T17:37:19","date_gmt":"2015-04-27T17:37:19","guid":{"rendered":"http:\/\/www.agro.uba.ar\/delsuralmundoen2030\/?page_id=2722"},"modified":"2017-03-02T11:59:31","modified_gmt":"2017-03-02T11:59:31","slug":"informacion-de-prensa-2","status":"publish","type":"page","link":"https:\/\/delsuralmundoen2030.agro.uba.ar\/?page_id=2722","title":{"rendered":"Informaci\u00f3n de prensa"},"content":{"rendered":"<p><span style=\"color: #96b13b;\">gg comunicaci\u00f3n<\/span><\/p>\n<h2>La Agroindustria de Soja: su potencial y desaf\u00edos<\/h2>\n<p><em>Distintos actores del complejo oleaginoso dieron su visi\u00f3n sobre la actual situaci\u00f3n y la proyecci\u00f3n de esta actividad en el futuro. Tambi\u00e9n hubo un abordaje geopol\u00edtico al rol que el pa\u00eds podr\u00eda jugar o no como uno de los mayores proveedores mundiales de prote\u00edna vegetal.<\/em><\/p>\n<p><a href=\"http:\/\/www.agro.uba.ar\/delsuralmundoen2030\/?page_id=2724\">[leer nota]<\/a><\/p>\n<h2>Pa\u00edses \u00e1rabes de Asia y \u00c1frica: una oportunidad para las exportaciones agroalimentarias argentinas<\/h2>\n<p><em>India, Paquist\u00e1n, Ir\u00e1n, Arabia Saudita, Emiratos \u00c1rabes Unidos, Egipto y Marruecos, entre otros, son pa\u00edses que han experimentado un fuerte crecimiento de sus importaciones de granos en los \u00faltimos 15 a\u00f1os, tendencia que continuar\u00e1 en los pr\u00f3ximos 3 lustros.<\/em><\/p>\n<p><a href=\"http:\/\/www.agro.uba.ar\/delsuralmundoen2030\/?page_id=2726\">[leer nota]<\/a><\/p>\n<h2>Cultura de negocios, protocolo y certificaci\u00f3n Halal: c\u00f3mo vender al mundo \u00e1rabe y musulm\u00e1n<\/h2>\n<p><em>Los alimentos producidos bajo este rito son exigidos por 1.600 millones de consumidores de esta religi\u00f3n, que no solo habitan el mundo \u00e1rabe, en Medio Oriente y el Norte de \u00c1frica. Tambi\u00e9n esperan alimentos certificados en los pa\u00edses del Sudeste Asi\u00e1tico y China.<\/em><\/p>\n<p><a href=\"http:\/\/www.agro.uba.ar\/delsuralmundoen2030\/?page_id=2728\">[leer nota]<\/a><\/p>\n<h2 style=\"text-align: left;\" align=\"center\">El tren de la soja y los alimentos est\u00e1 pasando\u2026 \u00bfArgentina lo tomar\u00e1 a tiempo?<\/h2>\n<p><em>Nuestro pa\u00eds est\u00e1 en una de las pocas regiones del mundo autosuficiente en alimentos. Y tiene una gran oportunidad para abastecer a quienes no lo son. Aprovecharla depende de estrategias claras, de un trabajo interdisciplinario y del conocimiento de la demanda.<\/em><\/p>\n<p><a href=\"http:\/\/www.agro.uba.ar\/delsuralmundoen2030\/?page_id=2730\">[leer nota]<\/a><\/p>\n","protected":false},"excerpt":{"rendered":"<p>gg comunicaci\u00f3n La Agroindustria de Soja: su potencial y desaf\u00edos Distintos actores del complejo oleaginoso dieron su visi\u00f3n sobre la actual situaci\u00f3n y la proyecci\u00f3n de esta actividad en el futuro. Tambi\u00e9n hubo un abordaje geopol\u00edtico al rol que el pa\u00eds podr\u00eda jugar o no como uno de los mayores proveedores mundiales de prote\u00edna vegetal. [&hellip;]<\/p>\n","protected":false},"author":2,"featured_media":0,"parent":0,"menu_order":0,"comment_status":"closed","ping_status":"closed","template":"","meta":{"footnotes":""},"categories":[],"tags":[],"_links":{"self":[{"href":"https:\/\/delsuralmundoen2030.agro.uba.ar\/index.php?rest_route=\/wp\/v2\/pages\/2722"}],"collection":[{"href":"https:\/\/delsuralmundoen2030.agro.uba.ar\/index.php?rest_route=\/wp\/v2\/pages"}],"about":[{"href":"https:\/\/delsuralmundoen2030.agro.uba.ar\/index.php?rest_route=\/wp\/v2\/types\/page"}],"author":[{"embeddable":true,"href":"https:\/\/delsuralmundoen2030.agro.uba.ar\/index.php?rest_route=\/wp\/v2\/users\/2"}],"replies":[{"embeddable":true,"href":"https:\/\/delsuralmundoen2030.agro.uba.ar\/index.php?rest_route=%2Fwp%2Fv2%2Fcomments&post=2722"}],"version-history":[{"count":7,"href":"https:\/\/delsuralmundoen2030.agro.uba.ar\/index.php?rest_route=\/wp\/v2\/pages\/2722\/revisions"}],"predecessor-version":[{"id":2928,"href":"https:\/\/delsuralmundoen2030.agro.uba.ar\/index.php?rest_route=\/wp\/v2\/pages\/2722\/revisions\/2928"}],"wp:attachment":[{"href":"https:\/\/delsuralmundoen2030.agro.uba.ar\/index.php?rest_route=%2Fwp%2Fv2%2Fmedia&parent=2722"}],"wp:term":[{"taxonomy":"category","embeddable":true,"href":"https:\/\/delsuralmundoen2030.agro.uba.ar\/index.php?rest_route=%2Fwp%2Fv2%2Fcategories&post=2722"},{"taxonomy":"post_tag","embeddable":true,"href":"https:\/\/delsuralmundoen2030.agro.uba.ar\/index.php?rest_route=%2Fwp%2Fv2%2Ftags&post=2722"}],"curies":[{"name":"wp","href":"https:\/\/api.w.org\/{rel}","templated":true}]}}