{"id":2328,"date":"2015-03-09T12:49:36","date_gmt":"2015-03-09T12:49:36","guid":{"rendered":"http:\/\/www.agro.uba.ar\/delsuralmundoen2030\/?page_id=2328"},"modified":"2017-03-02T11:59:55","modified_gmt":"2017-03-02T11:59:55","slug":"programa-3","status":"publish","type":"page","link":"https:\/\/delsuralmundoen2030.agro.uba.ar\/?page_id=2328","title":{"rendered":"Programa"},"content":{"rendered":"<h1><span style=\"color: #000000;\"><strong>13 de abril<\/strong><\/span><\/h1>\n<p>08 00 &#8211; 08 30\u00a0\u00a0 Inscripci\u00f3n y recepci\u00f3n.<\/p>\n<p>08 30 &#8211; 09 30\u00a0\u00a0 Inauguraci\u00f3n oficial con autoridades nacionales, universitarias y embajadores<\/p>\n<p>09 30 &#8211; 10 00\u00a0\u00a0 Presentaci\u00f3n de la actividad <strong>Fernando Vilella<\/strong><\/p>\n<p>&nbsp;<\/p>\n<h2><span style=\"color: #892558;\">China<\/span><\/h2>\n<h3><span style=\"color: #96b13b;\">Coordinador: <strong>Guillermo Santa Cruz<\/strong><\/span><\/h3>\n<p>10 00 &#8211; 10 15\u00a0\u00a0 Representante Embajada<\/p>\n<p>10 15 &#8211; 11 00\u00a0\u00a0 <strong>Jorge Castro<\/strong><\/p>\n<p>11 00 &#8211; 11 30\u00a0\u00a0 <strong>Gustavo Idigoras<\/strong><\/p>\n<p>11 30 &#8211; 12 10\u00a0\u00a0 <strong>Felix Pe\u00f1a<\/strong><\/p>\n<hr \/>\n<p>12 10 &#8211; 12 40\u00a0\u00a0 Break<\/p>\n<hr \/>\n<p>12 40 &#8211; 14 30<\/p>\n<h2><span style=\"color: #892558;\">Macro Econom\u00eda y Financiamiento<\/span><\/h2>\n<h3><span style=\"color: #96b13b;\">Coordinador: <strong>Fernando Vilella<\/strong><\/span><\/h3>\n<ul>\n<li><strong>Aldo Pignanelli<\/strong><\/li>\n<li><strong>Gustavo Marangoni<\/strong><\/li>\n<li><strong>Rogelio Frigerio<\/strong><\/li>\n<li><strong>Gonz\u00e1lez Fraga<\/strong><\/li>\n<\/ul>\n<hr \/>\n<p>14 30 &#8211; 16 00\u00a0\u00a0 Almuerzo libre<\/p>\n<hr \/>\n<p>16 00 &#8211; 17 50<\/p>\n<h2><span style=\"color: #892558;\">Emiratos \u00c1rabes Unidos<\/span><\/h2>\n<h3><span style=\"color: #96b13b;\">Coordinadora: <strong>Lic Mar\u00eda del Pilar Cabezas Arreseigor<\/strong><\/span><\/h3>\n<p>15 45 &#8211; 16 20\u00a0\u00a0 <strong>Carlota D&#8217;Adamo<\/strong>. Emirates.<\/p>\n<p>16 20 &#8211; 17 10\u00a0\u00a0 <strong>Ramiro Costa<\/strong>. Red de Sustentabilidad.<\/p>\n<p>17 10 &#8211; 17 50\u00a0\u00a0 <strong>Juan Jos\u00e9 Blanchard<\/strong>. Dreyfus.<\/p>\n<hr \/>\n<p>17 50 &#8211; 18 30\u00a0\u00a0 Break<\/p>\n<hr \/>\n<p>18 30 -20 30<\/p>\n<h2><span style=\"color: #892558;\">Agrofinanzas, Trading y Riesgo<\/span><\/h2>\n<h3><span style=\"color: #96b13b;\">Coordinador:\u00a0<strong>Andres Vilella Weisz<\/strong><\/span><\/h3>\n<ul>\n<li><strong>Germ\u00e1n Fermo<\/strong> (Di Tella)<\/li>\n<li><strong>Nicol\u00e1s Merener<\/strong> (Di Tella)<\/li>\n<li><strong>Jose Gobbe\u00e9<\/strong> (Fondos GOAGRO)<\/li>\n<li><strong>Juli\u00e1n Roberts<\/strong> (BTG Pactual)<\/li>\n<li><strong>Marcelo Comisso<\/strong> (ROFEX)<\/li>\n<li><strong>Mauro Cognetta<\/strong> (Corredora Grupo GyT)<\/li>\n<\/ul>\n<p>&nbsp;<\/p>\n<h1><span style=\"color: #000000;\"><strong>14 de abril<\/strong><\/span><\/h1>\n<p>09 15 &#8211; 10 00<\/p>\n<h2><span style=\"color: #892558;\">Los Profesionales para el 2030 Sustentable y Competitivo<\/span><\/h2>\n<p><strong>Ricardo Bindi<\/strong><\/p>\n<p>10 00- 11 40<\/p>\n<h2><span style=\"color: #892558;\">La Agroindustria de Soja, su Potencial y Desaf\u00edos<\/span><\/h2>\n<p>10 05- 10 10<\/p>\n<h3><span style=\"color: #96b13b;\">Coordinador: <strong>Adrian Esteban Figueroa<\/strong><\/span><\/h3>\n<p>10 10 &#8211; 10 40\u00a0\u00a0<strong>Rodolfo Rossi<\/strong> (Acsoja)<\/p>\n<p>10 40 &#8211; 11 00<strong>\u00a0\u00a0Mariano Turzi <\/strong>(Universidad Di Tella)<strong><br \/>\n<\/strong><\/p>\n<p>11 00 &#8211; 11 20<strong>\u00a0\u00a0Luis Zubizarreta<\/strong> (CARBIO)<\/p>\n<p>11 20 &#8211; 11 40<strong>\u00a0\u00a0Alberto Rodr\u00edguez<\/strong> (CIARA)<\/p>\n<hr \/>\n<p>11 40 &#8211;\u00a0 12 10\u00a0\u00a0Break<\/p>\n<hr \/>\n<p>&nbsp;<\/p>\n<p>12 10 &#8211; 13 00<\/p>\n<h2><span style=\"color: #892558;\">L\u00edbano<\/span><\/h2>\n<h3><span style=\"color: #96b13b;\">Coordinador: <strong>Santiago Renis<\/strong><\/span><\/h3>\n<p>12 10 &#8211; 13 00\u00a0 Consul Dr. <strong>George El Jallad<\/strong><\/p>\n<p>13 00 &#8211; 13 30<\/p>\n<h2><span style=\"color: #892558;\">Seguridad Alimentaria Nacional e Internacional<\/span><\/h2>\n<p><strong>Sergio Britos y Roberto Feeney<\/strong>.<\/p>\n<hr \/>\n<p>13 30 &#8211; 15 30\u00a0\u00a0Almuerzo libre<\/p>\n<hr \/>\n<p>15 30 &#8211; 18 00<\/p>\n<h2><span style=\"color: #892558;\">Cultura de Negocios \u00c1rabes, Protocolo y Certificaci\u00f3n Halal<\/span><\/h2>\n<h3><span style=\"color: #96b13b;\">Coordinador:\u00a0 <strong>Carolina L\u00f3pez Forastier<\/strong><\/span><\/h3>\n<p>15 30 &#8211; 16 00\u00a0\u00a0<strong>Amal Khalil Kabalan<\/strong>.\u00a0 Costumbres y Protocolo de Negocios.<\/p>\n<p>16 00 &#8211; 16 30\u00a0\u00a0 <strong>Nadima Khalil Kabalan<\/strong>. Introducci\u00f3n al Islam. Poblaci\u00f3n \u00c1rabe y Mercados.<\/p>\n<p>16 20 &#8211; 17 00\u00a0\u00a0<strong>Gustavo Khalil\u00a0 Kabalan<\/strong>. Certificaci\u00f3n Halal en Alimentos. Requisitos.<\/p>\n<p>17 30\u00a0 &#8211; 18 00\u00a0\u00a0<strong>Andy Freire.<\/strong> Nuevo Empredurismo<\/p>\n<hr \/>\n<p>18 00\u00a0 &#8211; 18 30\u00a0\u00a0Break<\/p>\n<hr \/>\n<p>18 30<\/p>\n<h2><span style=\"color: #892558;\">Pol\u00edticas. Espacio Candidatos Presidenciales<\/span><\/h2>\n<h3><span style=\"color: #96b13b;\">Coordinador: <strong>Fernando Vilella y Ricardo Hara<br \/>\n<\/strong><\/span><\/h3>\n<ul>\n<li><strong>Sergio Massa<\/strong><\/li>\n<li><strong>Daniel Scioli<\/strong><\/li>\n<li><strong>Mauricio Macri<\/strong><\/li>\n<li><strong>Elisa Carrio<\/strong> (sin confirmar)<\/li>\n<li><strong>Margarita Stolbizer<\/strong> (sin confirmar)<\/li>\n<li><strong>Ernesto Sanz<\/strong> (sin confirmar)<\/li>\n<\/ul>\n<hr \/>\n<h2><span style=\"color: #993366;\">Cierre<\/span><\/h2>\n<p>Auroridades y <strong>Fernando Vilella<\/strong><\/p>\n","protected":false},"excerpt":{"rendered":"<p>13 de abril 08 00 &#8211; 08 30\u00a0\u00a0 Inscripci\u00f3n y recepci\u00f3n. 08 30 &#8211; 09 30\u00a0\u00a0 Inauguraci\u00f3n oficial con autoridades nacionales, universitarias y embajadores 09 30 &#8211; 10 00\u00a0\u00a0 Presentaci\u00f3n de la actividad Fernando Vilella &nbsp; China Coordinador: Guillermo Santa Cruz 10 00 &#8211; 10 15\u00a0\u00a0 Representante Embajada 10 15 &#8211; 11 00\u00a0\u00a0 Jorge Castro [&hellip;]<\/p>\n","protected":false},"author":2,"featured_media":0,"parent":0,"menu_order":0,"comment_status":"closed","ping_status":"closed","template":"","meta":{"footnotes":""},"categories":[],"tags":[],"_links":{"self":[{"href":"https:\/\/delsuralmundoen2030.agro.uba.ar\/index.php?rest_route=\/wp\/v2\/pages\/2328"}],"collection":[{"href":"https:\/\/delsuralmundoen2030.agro.uba.ar\/index.php?rest_route=\/wp\/v2\/pages"}],"about":[{"href":"https:\/\/delsuralmundoen2030.agro.uba.ar\/index.php?rest_route=\/wp\/v2\/types\/page"}],"author":[{"embeddable":true,"href":"https:\/\/delsuralmundoen2030.agro.uba.ar\/index.php?rest_route=\/wp\/v2\/users\/2"}],"replies":[{"embeddable":true,"href":"https:\/\/delsuralmundoen2030.agro.uba.ar\/index.php?rest_route=%2Fwp%2Fv2%2Fcomments&post=2328"}],"version-history":[{"count":19,"href":"https:\/\/delsuralmundoen2030.agro.uba.ar\/index.php?rest_route=\/wp\/v2\/pages\/2328\/revisions"}],"predecessor-version":[{"id":2874,"href":"https:\/\/delsuralmundoen2030.agro.uba.ar\/index.php?rest_route=\/wp\/v2\/pages\/2328\/revisions\/2874"}],"wp:attachment":[{"href":"https:\/\/delsuralmundoen2030.agro.uba.ar\/index.php?rest_route=%2Fwp%2Fv2%2Fmedia&parent=2328"}],"wp:term":[{"taxonomy":"category","embeddable":true,"href":"https:\/\/delsuralmundoen2030.agro.uba.ar\/index.php?rest_route=%2Fwp%2Fv2%2Fcategories&post=2328"},{"taxonomy":"post_tag","embeddable":true,"href":"https:\/\/delsuralmundoen2030.agro.uba.ar\/index.php?rest_route=%2Fwp%2Fv2%2Ftags&post=2328"}],"curies":[{"name":"wp","href":"https:\/\/api.w.org\/{rel}","templated":true}]}}