{"id":2280,"date":"2014-12-18T17:36:23","date_gmt":"2014-12-18T17:36:23","guid":{"rendered":"http:\/\/www.agro.uba.ar\/delsuralmundoen2030\/?page_id=2280"},"modified":"2017-03-02T12:00:52","modified_gmt":"2017-03-02T12:00:52","slug":"comiteorganizador","status":"publish","type":"page","link":"https:\/\/delsuralmundoen2030.agro.uba.ar\/?page_id=2280","title":{"rendered":"Comit\u00e9 Organizador"},"content":{"rendered":"<div>\n<p>Director: Fernando Vilella<\/p>\n<p>Coordinadora General: Mar\u00eda del Pilar Cabezas Arreseigor<\/p>\n<p>Integrantes:<\/p>\n<p>&#8211; Guillermo Santa Cruz<br \/>\n&#8211; Sonia Sibo Zhao<br \/>\n&#8211; Devora Dorensztein<br \/>\n&#8211; Liliana Rosenstein<br \/>\n&#8211; Carolina L\u00f3pez Forastier<br \/>\n&#8211; Horacio S\u00e1nchez Caballero<br \/>\n&#8211; H\u00e9ctor Rosatto<\/p>\n<p>Secretaria Ejecutiva: Pamela Bruccieri<\/p>\n<\/div>\n","protected":false},"excerpt":{"rendered":"<p>Director: Fernando Vilella Coordinadora General: Mar\u00eda del Pilar Cabezas Arreseigor Integrantes: &#8211; Guillermo Santa Cruz &#8211; Sonia Sibo Zhao &#8211; Devora Dorensztein &#8211; Liliana Rosenstein &#8211; Carolina L\u00f3pez Forastier &#8211; Horacio S\u00e1nchez Caballero &#8211; H\u00e9ctor Rosatto Secretaria Ejecutiva: Pamela Bruccieri<\/p>\n","protected":false},"author":2,"featured_media":0,"parent":0,"menu_order":0,"comment_status":"closed","ping_status":"closed","template":"","meta":{"footnotes":""},"categories":[],"tags":[],"_links":{"self":[{"href":"https:\/\/delsuralmundoen2030.agro.uba.ar\/index.php?rest_route=\/wp\/v2\/pages\/2280"}],"collection":[{"href":"https:\/\/delsuralmundoen2030.agro.uba.ar\/index.php?rest_route=\/wp\/v2\/pages"}],"about":[{"href":"https:\/\/delsuralmundoen2030.agro.uba.ar\/index.php?rest_route=\/wp\/v2\/types\/page"}],"author":[{"embeddable":true,"href":"https:\/\/delsuralmundoen2030.agro.uba.ar\/index.php?rest_route=\/wp\/v2\/users\/2"}],"replies":[{"embeddable":true,"href":"https:\/\/delsuralmundoen2030.agro.uba.ar\/index.php?rest_route=%2Fwp%2Fv2%2Fcomments&post=2280"}],"version-history":[{"count":2,"href":"https:\/\/delsuralmundoen2030.agro.uba.ar\/index.php?rest_route=\/wp\/v2\/pages\/2280\/revisions"}],"predecessor-version":[{"id":2282,"href":"https:\/\/delsuralmundoen2030.agro.uba.ar\/index.php?rest_route=\/wp\/v2\/pages\/2280\/revisions\/2282"}],"wp:attachment":[{"href":"https:\/\/delsuralmundoen2030.agro.uba.ar\/index.php?rest_route=%2Fwp%2Fv2%2Fmedia&parent=2280"}],"wp:term":[{"taxonomy":"category","embeddable":true,"href":"https:\/\/delsuralmundoen2030.agro.uba.ar\/index.php?rest_route=%2Fwp%2Fv2%2Fcategories&post=2280"},{"taxonomy":"post_tag","embeddable":true,"href":"https:\/\/delsuralmundoen2030.agro.uba.ar\/index.php?rest_route=%2Fwp%2Fv2%2Ftags&post=2280"}],"curies":[{"name":"wp","href":"https:\/\/api.w.org\/{rel}","templated":true}]}}