{"id":1821,"date":"2014-09-24T14:10:15","date_gmt":"2014-09-24T14:10:15","guid":{"rendered":"http:\/\/www.agro.uba.ar\/argentinaasia2030\/?page_id=1821"},"modified":"2017-03-02T12:00:52","modified_gmt":"2017-03-02T12:00:52","slug":"comite-organizador","status":"publish","type":"page","link":"https:\/\/delsuralmundoen2030.agro.uba.ar\/?page_id=1821","title":{"rendered":"Comit\u00e9 organizador"},"content":{"rendered":"<p>Director: Fernando Vilella<\/p>\n<p>Integrantes:<\/p>\n<p>&#8211; Gustavo Grobocopatel<br \/>\n&#8211; Ricardo Hara<br \/>\n&#8211; Carolina L\u00f3pez Forastier<br \/>\n&#8211; H\u00e9ctor Rosatto<br \/>\n&#8211; Guillermo Santa Cruz<br \/>\n&#8211; Osvaldo Schvartzer<br \/>\n&#8211; Sibo Zhao (Sonia)<br \/>\n&#8211; Alberto J. Kaminker<br \/>\n&#8211; Miguel Alfredo Velloso<br \/>\n&#8211; Andr\u00e9s Vilella Weisz<\/p>\n<p>Gesti\u00f3n Comercial: Adri\u00e1n Straschnoy<\/p>\n<p>Secretaria Ejecutiva: Pamela Bruccieri<\/p>\n<p>Colaborador: Nicol\u00e1s Garcia<\/p>\n","protected":false},"excerpt":{"rendered":"<p>Director: Fernando Vilella Integrantes: &#8211; Gustavo Grobocopatel &#8211; Ricardo Hara &#8211; Carolina L\u00f3pez Forastier &#8211; H\u00e9ctor Rosatto &#8211; Guillermo Santa Cruz &#8211; Osvaldo Schvartzer &#8211; Sibo Zhao (Sonia) &#8211; Alberto J. Kaminker &#8211; Miguel Alfredo Velloso &#8211; Andr\u00e9s Vilella Weisz Gesti\u00f3n Comercial: Adri\u00e1n Straschnoy Secretaria Ejecutiva: Pamela Bruccieri Colaborador: Nicol\u00e1s Garcia<\/p>\n","protected":false},"author":2,"featured_media":0,"parent":0,"menu_order":0,"comment_status":"closed","ping_status":"closed","template":"","meta":{"footnotes":""},"categories":[],"tags":[],"_links":{"self":[{"href":"https:\/\/delsuralmundoen2030.agro.uba.ar\/index.php?rest_route=\/wp\/v2\/pages\/1821"}],"collection":[{"href":"https:\/\/delsuralmundoen2030.agro.uba.ar\/index.php?rest_route=\/wp\/v2\/pages"}],"about":[{"href":"https:\/\/delsuralmundoen2030.agro.uba.ar\/index.php?rest_route=\/wp\/v2\/types\/page"}],"author":[{"embeddable":true,"href":"https:\/\/delsuralmundoen2030.agro.uba.ar\/index.php?rest_route=\/wp\/v2\/users\/2"}],"replies":[{"embeddable":true,"href":"https:\/\/delsuralmundoen2030.agro.uba.ar\/index.php?rest_route=%2Fwp%2Fv2%2Fcomments&post=1821"}],"version-history":[{"count":1,"href":"https:\/\/delsuralmundoen2030.agro.uba.ar\/index.php?rest_route=\/wp\/v2\/pages\/1821\/revisions"}],"predecessor-version":[{"id":1822,"href":"https:\/\/delsuralmundoen2030.agro.uba.ar\/index.php?rest_route=\/wp\/v2\/pages\/1821\/revisions\/1822"}],"wp:attachment":[{"href":"https:\/\/delsuralmundoen2030.agro.uba.ar\/index.php?rest_route=%2Fwp%2Fv2%2Fmedia&parent=1821"}],"wp:term":[{"taxonomy":"category","embeddable":true,"href":"https:\/\/delsuralmundoen2030.agro.uba.ar\/index.php?rest_route=%2Fwp%2Fv2%2Fcategories&post=1821"},{"taxonomy":"post_tag","embeddable":true,"href":"https:\/\/delsuralmundoen2030.agro.uba.ar\/index.php?rest_route=%2Fwp%2Fv2%2Ftags&post=1821"}],"curies":[{"name":"wp","href":"https:\/\/api.w.org\/{rel}","templated":true}]}}